{"id":12,"date":"2022-11-14T09:15:14","date_gmt":"2022-11-14T09:15:14","guid":{"rendered":"https:\/\/ikp.at\/?page_id=12"},"modified":"2025-01-17T10:14:12","modified_gmt":"2025-01-17T10:14:12","slug":"leistungen","status":"publish","type":"page","link":"https:\/\/ikp.at\/de\/leistungen\/","title":{"rendered":"Leistungen"},"content":{"rendered":"<p>[vc_row full_width=&#8220;stretch_row_content_no_spaces&#8220;][vc_column]\n        <div id=\"page-title\" class=\" wpb_animate_when_almost_visible wpb_fadeIn fadeIn\">\n            <div class=\"page-title-inner\">\n                <div class=\"page-title-content\"><p class=\"p-large\">Unser Portfolio<\/p><h1 class=\"title\">Alles, was <span>gute<\/span> Kommunikation braucht.<\/h1><\/div>\n                <div class=\"page-title-img-wrapper\"><img decoding=\"async\" class=\"page-title-img wpb_animate_when_almost_visible wpb_fadeInRight fadeInRight\" src=\"https:\/\/ikp.at\/wp-content\/uploads\/2023\/02\/ikp-leistungen-2-1-1182x1000.jpg\" alt=\"ikp PR Agentur\"><\/div>\n            <\/div>\n        <\/div>[\/vc_column][\/vc_row][vc_row css_animation=&#8220;fadeIn&#8220; el_class=&#8220;section&#8220; el_id=&#8220;leistungen&#8220;][vc_column][vc_row_inner][vc_column_inner offset=&#8220;vc_col-lg-7 vc_col-md-8&#8243;][vc_column_text css_animation=&#8220;fadeInUp&#8220; el_class=&#8220;p-large&#8220;]Unser Leistungsportfolio umfasst alle Bereiche, die gute Kommunikation braucht. Wir wissen WIE (Strategie), WAS (Content) und WO (Kan\u00e4le). Mit Erfahrung und Feingef\u00fchl konzipieren wir kommunikative Ma\u00dfnahmen, beraten strategisch oder setzen die Vorstellungen unsere Kund*innen punktgenau um.[\/vc_column_text][\/vc_column_inner][\/vc_row_inner][vc_row_inner equal_height=&#8220;yes&#8220; el_class=&#8220;mt50&#8243;][vc_column_inner offset=&#8220;vc_col-md-4&#8243;]\n        <div class=\"imagebanner  has-link wpb_animate_when_almost_visible wpb_fadeIn fadeIn\">\n            <a href=\"\/leistungen\/strategie\/\"  target=\"\"><\/a>\n            <div class=\"image-holder\">\n                <img decoding=\"async\" src=\"https:\/\/ikp.at\/wp-content\/uploads\/2024\/10\/026_20230328-904x1000.jpg\" alt=\"\">\n            <\/div>\n            <div class=\"content\">\n                \n                <h3>Strategie<\/h3><\/div>\n        <\/div>[\/vc_column_inner][vc_column_inner offset=&#8220;vc_col-md-4&#8243;]\n        <div class=\"imagebanner  has-link wpb_animate_when_almost_visible wpb_fadeIn fadeIn\">\n            <a href=\"\/leistungen\/content\/\"  target=\"\"><\/a>\n            <div class=\"image-holder\">\n                <img decoding=\"async\" src=\"https:\/\/ikp.at\/wp-content\/uploads\/2023\/02\/nav-content.jpg\" alt=\"Content\">\n            <\/div>\n            <div class=\"content\">\n                \n                <h3>Content<\/h3><\/div>\n        <\/div>[\/vc_column_inner][vc_column_inner offset=&#8220;vc_col-md-4&#8243;]\n        <div class=\"imagebanner  has-link wpb_animate_when_almost_visible wpb_fadeIn fadeIn\">\n            <a href=\"\/leistungen\/kanaele\/\"  target=\"\"><\/a>\n            <div class=\"image-holder\">\n                <img decoding=\"async\" src=\"https:\/\/ikp.at\/wp-content\/uploads\/2023\/05\/034_20230328_web.jpg\" alt=\"\">\n            <\/div>\n            <div class=\"content\">\n                \n                <h3>Kan\u00e4le<\/h3><\/div>\n        <\/div>[\/vc_column_inner][\/vc_row_inner][\/vc_column][\/vc_row][vc_row css_animation=&#8220;fadeIn&#8220; el_class=&#8220;section pt0&#8243; el_id=&#8220;specials&#8220;][vc_column][vc_row_inner equal_height=&#8220;yes&#8220;][vc_column_inner offset=&#8220;vc_col-md-4&#8243;][vc_column_text el_class=&#8220;mb15&#8243;]<\/p>\n<h2>Spezielle Leistungen<\/h2>\n<p>[\/vc_column_text][vc_column_text]Unser Angebot f\u00fcr besondere Kommunikationsanl\u00e4sse[\/vc_column_text][\/vc_column_inner][vc_column_inner el_class=&#8220;content-box gray&#8220; offset=&#8220;vc_col-md-4&#8243;]\n        <div class=\"iconbox fullbox-link icon-top-left align-left     \"><a class=\"fullbox-link\" href=\"\/leistungen\/krisenkommunikation\/\" target=\"\"><\/a><img decoding=\"async\" width=\"90px\" src=\"https:\/\/ikp.at\/wp-content\/uploads\/2024\/05\/ikp_services_krisenkommunikation.png\" alt=\"Krisenkommunikation\">\n            <div class=\"iconbox-content\"><p class=\"like-h3\">Krisenkommunikation<\/p><p>Produktr\u00fcckruf, Arbeitsunfall, Cyberattacke? Wir unterst\u00fctzen unsere Kund*innen in der strukturierten Krisenpr\u00e4vention, im akuten Ernstfall und beim Wiederaufbau der Reputation.<\/p>\n<p><strong>Hier geht\u2019s zum ikp Spezialangebot Krisenkommunikation<\/strong><i class=\"icon icon-arrow-right\"><\/i><\/p>\n<\/div>\n        <\/div>[\/vc_column_inner][vc_column_inner el_class=&#8220;content-box gray&#8220; offset=&#8220;vc_col-md-4&#8243;]\n        <div class=\"iconbox fullbox-link icon-top-left align-left     \"><a class=\"fullbox-link\" href=\"\/leistungen\/nachhaltigkeitskommunikation\/\" target=\"\"><\/a><img decoding=\"async\" width=\"90px\" src=\"https:\/\/ikp.at\/wp-content\/uploads\/2024\/05\/ikp_services_nachhaltigkeit.png\" alt=\"Nachhaltigkeit\">\n            <div class=\"iconbox-content\"><p class=\"like-h3\">Nachhaltigkeit<\/p><p>Praxisnahe Beratung f\u00fcr einen effizienten Kommunikationsweg durch den Dschungel der Nachhaltigkeitsrichtlinien, von Strategieentwicklung \u00fcber Reports bis Influencer Marketing.<\/p>\n<p><strong>Hier geht\u2019s zum ikp Spezialangebot Nachhaltigkeit<\/strong><i class=\"icon icon-arrow-right\"><\/i><\/p>\n<\/div>\n        <\/div>[\/vc_column_inner][\/vc_row_inner][vc_row_inner equal_height=&#8220;yes&#8220; el_class=&#8220;mt30&#8243;][vc_column_inner el_class=&#8220;content-box gray&#8220; offset=&#8220;vc_col-md-4&#8243;]\n        <div class=\"iconbox fullbox-link icon-top-left align-left     \"><a class=\"fullbox-link\" href=\"\/leistungen\/social-media\/\" target=\"\"><\/a><img decoding=\"async\" width=\"90px\" src=\"https:\/\/ikp.at\/wp-content\/uploads\/2024\/05\/ikp_services_social_media.png\" alt=\"Social Media\">\n            <div class=\"iconbox-content\"><p class=\"like-h3\">Social Media<\/p><p>Ob LinkedIn, TikTok, Instagram oder Facebook \u2013 wir haben alle Kan\u00e4le im Griff, erstellen passenden Content und managen Ihre Communities und Kampagnen.<\/p>\n<p><strong>Hier geht\u2019s zu den ikp Spezialangeboten rund um Social Media<\/strong><i class=\"icon icon-arrow-right\"><\/i><\/p>\n<\/div>\n        <\/div>[\/vc_column_inner][vc_column_inner el_class=&#8220;content-box gray&#8220; offset=&#8220;vc_col-md-4&#8243;]\n        <div class=\"iconbox fullbox-link icon-top-left align-left     \"><a class=\"fullbox-link\" href=\"\/leistungen\/influencer-marketing\/\" target=\"\"><\/a><img decoding=\"async\" width=\"90px\" src=\"https:\/\/ikp.at\/wp-content\/uploads\/2024\/05\/ikp_services_influencer.png\" alt=\"Influencer Marketing\">\n            <div class=\"iconbox-content\"><p class=\"like-h3\">Influencer Marketing<\/p><p>Micro, Macro, Mega \u2013 oder doch Corporate Influencer? Wir finden das perfect match f\u00fcr jede Marke und jedes Produkt und stellen nachhaltig wirkende Kooperationen auf die Beine.<\/p>\n<p><strong>Hier geht\u2019s zum ikp Spezialangebot Influencer Marketing<\/strong><i class=\"icon icon-arrow-right\"><\/i><\/p>\n<\/div>\n        <\/div>[\/vc_column_inner][vc_column_inner el_class=&#8220;content-box gray&#8220; offset=&#8220;vc_col-md-4&#8243;]\n        <div class=\"iconbox fullbox-link icon-top-left align-left     \"><a class=\"fullbox-link\" href=\"\/leistungen\/dei-diversity-equity-inclusion\/\" target=\"\"><\/a><img decoding=\"async\" width=\"90px\" src=\"https:\/\/ikp.at\/wp-content\/uploads\/2024\/05\/ikp_services_dei.png\" alt=\"DEI\">\n            <div class=\"iconbox-content\"><p class=\"like-h3\">DEI&amp;B<\/p><p>Von der internen Kommunikation \u00fcber Ihre Unternehmenskultur und -sprache bis hin zu Employer Branding \u2013 DEI ist ein Schl\u00fcsselfaktor f\u00fcr Ihr Team und Ihren Erfolg.<\/p>\n<p><strong>Hier geht\u2019s zum ikp Spezialangebot<br \/>\nDEI&amp;B<\/strong><i class=\"icon icon-arrow-right\"><\/i><\/p>\n<\/div>\n        <\/div>[\/vc_column_inner][\/vc_row_inner][\/vc_column][\/vc_row][vc_row][vc_column]<p>[vc_row][vc_column][vc_row_inner equal_height=&#8220;yes&#8220; content_placement=&#8220;middle&#8220; el_class=&#8220;cta-section blog bg-blue light&#8220;][vc_column_inner el_class=&#8220;content-box center vc_col-md-push-6&#8243; offset=&#8220;vc_col-md-6&#8243;]<div class=\"heading-wrapper  wpb_animate_when_almost_visible wpb_fadeIn fadeIn\"><h2>Blog<\/h2><\/div>[vc_column_text css_animation=&#8220;fadeIn&#8220;]<\/p>\n<p class=\"p1\">In unserem Blog informieren wir regelm\u00e4\u00dfig \u00fcber aktuelle Trends in der PR-Branche, stellen spannende Cases vor und bieten Tipps &amp; Tricks f\u00fcr den PR-Alltag. Hier finden Sie auch unsere Publikationen wie das Magazin PRspektiven.<span class=\"Apple-converted-space\">\u00a0<\/span><\/p>\n<p>[\/vc_column_text]<a class=\"text-link  wpb_animate_when_almost_visible wpb_fadeIn fadeIn\" href=\"\/blog\/\" target=\"_self\">zum Blog<i class=\"icon icon-arrow_right\"><\/i><\/a>[\/vc_column_inner][vc_column_inner el_class=&#8220;vc_col-md-pull-6&#8243; offset=&#8220;vc_col-md-6&#8243; css=&#8220;.vc_custom_1674567250605{background-image: url(https:\/\/ikp.at\/wp-content\/uploads\/2023\/01\/blog.jpg?id=14368) !important;background-position: center !important;background-repeat: no-repeat !important;background-size: cover !important;}&#8220;][vc_empty_space height=&#8220;400px&#8220;][\/vc_column_inner][\/vc_row_inner][\/vc_column][\/vc_row]<\/p>\n[\/vc_column][\/vc_row][vc_row el_class=&#8220;section pt0&#8243;][vc_column]<p>[vc_row equal_height=&#8220;yes&#8220; el_class=&#8220;section pt0 mt30&#8243;][vc_column width=&#8220;1\/2&#8243; el_class=&#8220;content-box gray&#8220;]<div class=\"heading-wrapper  wpb_animate_when_almost_visible wpb_fadeIn fadeIn\"><p class=\"like-h3 \">Der ikp-Newsletter<\/p><\/div>[vc_column_text css_animation=&#8220;none&#8220;]Wer abonniert, profitiert: Um keine Updates mehr zu verpassen, abonnieren Sie jetzt unseren Newsletter![\/vc_column_text]<a class=\"button primary medium wpb_animate_when_almost_visible wpb_fadeIn fadeIn\" href=\"\/newsletter\/\" target=\"_self\">Newsletter abonnieren<i class=\"icon icon-arrow_right\"><\/i><\/a>[\/vc_column][vc_column width=&#8220;1\/2&#8243; el_class=&#8220;content-box gray&#8220;]<div class=\"heading-wrapper  wpb_animate_when_almost_visible wpb_fadeIn fadeIn\"><p class=\"like-h3 \">ikp auf Social Media<\/p><\/div>[vc_column_text css_animation=&#8220;none&#8220;]Folgen Sie uns auf unseren Social Media-Kan\u00e4len und erfahren Sie mehr \u00fcber unsere Agentur und unsere Projekte.[\/vc_column_text][vc_column_text css_animation=&#8220;fadeIn&#8220;]\n<ul class=\"social-icons\">\n    <li>\n        <a class=\"linkedin\" href=\"https:\/\/www.linkedin.com\/company\/ikp\/\" target=\"_blank\" rel=\"nofollow\">\n            <svg xmlns=\"http:\/\/www.w3.org\/2000\/svg\" viewBox=\"0 0 24 24\"><path d=\"M6.32,4.83a1.67,1.67,0,1,0,0,3.34h0a1.68,1.68,0,1,0,0-3.34Z\"\/><path d=\"M4.69,9.49H7.91v9.68H4.69Z\"\/><path d=\"M15.8,9.27a4,4,0,0,0-2.9,1.63V9.49H9.68v9.68H12.9v-5.4A2.13,2.13,0,0,1,13,13a1.75,1.75,0,0,1,1.65-1.17c1.16,0,1.62.88,1.62,2.18v5.18H19.5V13.62C19.5,10.65,17.91,9.27,15.8,9.27Z\"\/><\/svg>\n        <\/a>\n    <\/li>\n    <li>\n        <a class=\"instagram\" href=\"https:\/\/www.instagram.com\/ikp_pr\/\" target=\"_blank\" rel=\"nofollow\">\n            <svg xmlns=\"http:\/\/www.w3.org\/2000\/svg\" viewBox=\"0 0 24 24\"><path d=\"M20,8.46a6.06,6.06,0,0,0-.37-1.94,4,4,0,0,0-.93-1.42,3.83,3.83,0,0,0-1.42-.92A5.77,5.77,0,0,0,15.3,3.8c-.85,0-1.12,0-3.3,0s-2.44,0-3.29,0a6.19,6.19,0,0,0-2,.37,4,4,0,0,0-1.41.93,3.9,3.9,0,0,0-.93,1.41,6.12,6.12,0,0,0-.37,1.94c0,.86,0,1.13,0,3.3s0,2.45,0,3.3A5.8,5.8,0,0,0,4.42,17a3.85,3.85,0,0,0,.93,1.42,3.87,3.87,0,0,0,1.41.92,5.82,5.82,0,0,0,1.94.38c.86,0,1.13,0,3.3,0s2.44,0,3.3,0a5.82,5.82,0,0,0,1.94-.38A4.09,4.09,0,0,0,19.58,17,5.85,5.85,0,0,0,20,15.05c0-.85.05-1.12.05-3.3S20,9.31,20,8.46ZM18.52,15a4.44,4.44,0,0,1-.28,1.48A2.65,2.65,0,0,1,16.72,18a4.44,4.44,0,0,1-1.48.28c-.85,0-1.1.05-3.23.05s-2.39,0-3.24-.05A4.44,4.44,0,0,1,7.29,18a2.42,2.42,0,0,1-.92-.59,2.66,2.66,0,0,1-.6-.92A4.33,4.33,0,0,1,5.5,15c0-.84,0-1.09,0-3.23s0-2.39,0-3.23A4.39,4.39,0,0,1,5.77,7,2.69,2.69,0,0,1,7.29,5.53a4.52,4.52,0,0,1,1.49-.28c.84,0,1.09,0,3.23,0s2.39,0,3.23,0a4.58,4.58,0,0,1,1.49.28,2.41,2.41,0,0,1,.91.6,2.41,2.41,0,0,1,.6.91,4.58,4.58,0,0,1,.28,1.49c0,.84,0,1.1,0,3.23S18.55,14.15,18.52,15Z\"\/><path d=\"M12,7.64a4.11,4.11,0,1,0,4.11,4.11A4.12,4.12,0,0,0,12,7.64Zm0,6.78a2.67,2.67,0,1,1,2.67-2.67A2.66,2.66,0,0,1,12,14.42Z\"\/><path d=\"M17.24,7.48a1,1,0,1,1-1-1A1,1,0,0,1,17.24,7.48Z\"\/><\/svg>\n        <\/a>\n    <\/li>\n    <li>\n        <a class=\"facebook\" href=\"https:\/\/www.facebook.com\/ikp.PR\" target=\"_blank\" rel=\"nofollow\">\n            <svg xmlns=\"http:\/\/www.w3.org\/2000\/svg\" viewBox=\"0 0 24 24\"><path d=\"M14.54,6.66H16V4.11A20.39,20.39,0,0,0,13.87,4c-2.1,0-3.55,1.32-3.55,3.76V10H8v2.84h2.32V20h2.85V12.84H15.4L15.76,10H13.17V8c0-.82.22-1.38,1.37-1.38Z\"\/><\/svg>\n        <\/a>\n    <\/li>\n    <li>\n        <a class=\"tiktok\" href=\"https:\/\/www.tiktok.com\/@ikp.pr\" target=\"_blank\" rel=\"nofollow\">\n            <svg xmlns=\"http:\/\/www.w3.org\/2000\/svg\" viewBox=\"0 0 34 34\"><path d=\"M27.524,14.71c-.2.018-.4.03-.6.03a6.61,6.61,0,0,1-5.5-2.9v9.866A7.385,7.385,0,0,1,13.95,29a7.294,7.294,0,1,1,0-14.584c.157,0,.309.013.461.022v3.594a3.869,3.869,0,0,0-.461-.045,3.723,3.723,0,1,0,0,7.443,3.867,3.867,0,0,0,3.969-3.675c0-.083.037-16.755.037-16.755h3.519a6.491,6.491,0,0,0,6.049,5.716Z\"\/><\/svg>\n        <\/a>\n    <\/li>\n    <li>\n        <a class=\"youtube\" href=\"https:\/\/www.youtube.com\/@ikpPRundLobbying\" target=\"_blank\" rel=\"nofollow\">\n            <svg xmlns=\"http:\/\/www.w3.org\/2000\/svg\" viewBox=\"0 0 34 34\"><path d=\"M28.5,11.223A3,3,0,0,0,26.376,9.1C24.505,8.6,17,8.6,17,8.6s-7.505,0-9.376.5A3,3,0,0,0,5.5,11.223,31.2,31.2,0,0,0,5,17a31.2,31.2,0,0,0,.5,5.777A3,3,0,0,0,7.624,24.9c1.871.5,9.376.5,9.376.5s7.5,0,9.376-.5A3,3,0,0,0,28.5,22.777,31.2,31.2,0,0,0,29,17,31.386,31.386,0,0,0,28.5,11.223ZM14.6,20.6V13.4L20.833,17Z\"\/><\/svg>\n        <\/a>\n    <\/li>\n<\/ul>\n[\/vc_column_text][\/vc_column][\/vc_row]<\/p>\n[\/vc_column][\/vc_row]<\/p>\n","protected":false},"excerpt":{"rendered":"<p>[vc_row full_width=&#8220;stretch_row_content_no_spaces&#8220;][vc_column][\/vc_column][\/vc_row][vc_row css_animation=&#8220;fadeIn&#8220; el_class=&#8220;section&#8220; el_id=&#8220;leistungen&#8220;][vc_column][vc_row_inner][vc_column_inner offset=&#8220;vc_col-lg-7 vc_col-md-8&#8243;][vc_column_text css_animation=&#8220;fadeInUp&#8220; el_class=&#8220;p-large&#8220;]Unser Leistungsportfolio umfasst alle Bereiche, die gute Kommunikation braucht. Wir wissen WIE (Strategie), WAS (Content) und WO (Kan\u00e4le). Mit Erfahrung und Feingef\u00fchl konzipieren wir kommunikative Ma\u00dfnahmen, beraten strategisch oder setzen die Vorstellungen unsere Kund*innen punktgenau um.[\/vc_column_text][\/vc_column_inner][\/vc_row_inner][vc_row_inner equal_height=&#8220;yes&#8220; el_class=&#8220;mt50&#8243;][vc_column_inner offset=&#8220;vc_col-md-4&#8243;][\/vc_column_inner][vc_column_inner offset=&#8220;vc_col-md-4&#8243;][\/vc_column_inner][vc_column_inner offset=&#8220;vc_col-md-4&#8243;][\/vc_column_inner][\/vc_row_inner][\/vc_column][\/vc_row][vc_row css_animation=&#8220;fadeIn&#8220; el_class=&#8220;section pt0&#8243; el_id=&#8220;specials&#8220;][vc_column][vc_row_inner equal_height=&#8220;yes&#8220;][vc_column_inner offset=&#8220;vc_col-md-4&#8243;][vc_column_text el_class=&#8220;mb15&#8243;] Spezielle Leistungen [\/vc_column_text][vc_column_text]Unser Angebot f\u00fcr besondere Kommunikationsanl\u00e4sse[\/vc_column_text][\/vc_column_inner][vc_column_inner el_class=&#8220;content-box gray&#8220; offset=&#8220;vc_col-md-4&#8243;][\/vc_column_inner][vc_column_inner el_class=&#8220;content-box gray&#8220; offset=&#8220;vc_col-md-4&#8243;][\/vc_column_inner][\/vc_row_inner][vc_row_inner equal_height=&#8220;yes&#8220; el_class=&#8220;mt30&#8243;][vc_column_inner el_class=&#8220;content-box gray&#8220; offset=&#8220;vc_col-md-4&#8243;][\/vc_column_inner][vc_column_inner el_class=&#8220;content-box gray&#8220; offset=&#8220;vc_col-md-4&#8243;][\/vc_column_inner][vc_column_inner el_class=&#8220;content-box gray&#8220; offset=&#8220;vc_col-md-4&#8243;][\/vc_column_inner][\/vc_row_inner][\/vc_column][\/vc_row][vc_row][vc_column][\/vc_column][\/vc_row][vc_row el_class=&#8220;section pt0&#8243;][vc_column][\/vc_column][\/vc_row]<\/p>\n","protected":false},"author":2,"featured_media":0,"parent":0,"menu_order":0,"comment_status":"closed","ping_status":"closed","template":"","meta":{"_acf_changed":false,"footnotes":""},"class_list":["post-12","page","type-page","status-publish","hentry"],"acf":[],"yoast_head":"<!-- This site is optimized with the Yoast SEO plugin v27.2 - https:\/\/yoast.com\/product\/yoast-seo-wordpress\/ -->\n<title>ikp | PR Leistungen Ma\u00dfgeschneiderte L\u00f6sungen<\/title>\n<meta name=\"description\" content=\"PR Strategie, Kommunikationsberatung, PR Konzeption, Krisenkommunikation, Corporate Publishing, Reputation Management, Social Media, Medientraining.\" \/>\n<meta name=\"robots\" content=\"index, follow, max-snippet:-1, max-image-preview:large, max-video-preview:-1\" \/>\n<link rel=\"canonical\" href=\"https:\/\/ikp.at\/de\/leistungen\/\" \/>\n<meta property=\"og:locale\" content=\"de_DE\" \/>\n<meta property=\"og:type\" content=\"article\" \/>\n<meta property=\"og:title\" content=\"ikp | PR Leistungen Ma\u00dfgeschneiderte L\u00f6sungen\" \/>\n<meta property=\"og:description\" content=\"PR Strategie, Kommunikationsberatung, PR Konzeption, Krisenkommunikation, Corporate Publishing, Reputation Management, Social Media, Medientraining.\" \/>\n<meta property=\"og:url\" content=\"https:\/\/ikp.at\/de\/leistungen\/\" \/>\n<meta property=\"og:site_name\" content=\"ikp | PR Agentur \u00d6sterreich: Wien Salzburg Vorarlberg Graz\" \/>\n<meta property=\"article:publisher\" content=\"https:\/\/www.facebook.com\/ikp.PR\" \/>\n<meta property=\"article:modified_time\" content=\"2025-01-17T10:14:12+00:00\" \/>\n<meta property=\"og:image\" content=\"https:\/\/ikp.at\/wp-content\/uploads\/2023\/03\/yoast-screen.jpg\" \/>\n\t<meta property=\"og:image:width\" content=\"1200\" \/>\n\t<meta property=\"og:image:height\" content=\"675\" \/>\n\t<meta property=\"og:image:type\" content=\"image\/jpeg\" \/>\n<meta name=\"twitter:card\" content=\"summary_large_image\" \/>\n<meta name=\"twitter:label1\" content=\"Gesch\u00e4tzte Lesezeit\" \/>\n\t<meta name=\"twitter:data1\" content=\"2\u00a0Minuten\" \/>\n<script type=\"application\/ld+json\" class=\"yoast-schema-graph\">{\"@context\":\"https:\/\/schema.org\",\"@graph\":[{\"@type\":\"WebPage\",\"@id\":\"https:\/\/ikp.at\/de\/leistungen\/\",\"url\":\"https:\/\/ikp.at\/de\/leistungen\/\",\"name\":\"ikp | PR Leistungen Ma\u00dfgeschneiderte L\u00f6sungen\",\"isPartOf\":{\"@id\":\"https:\/\/ikp.at\/de\/#website\"},\"datePublished\":\"2022-11-14T09:15:14+00:00\",\"dateModified\":\"2025-01-17T10:14:12+00:00\",\"description\":\"PR Strategie, Kommunikationsberatung, PR Konzeption, Krisenkommunikation, Corporate Publishing, Reputation Management, Social Media, Medientraining.\",\"breadcrumb\":{\"@id\":\"https:\/\/ikp.at\/de\/leistungen\/#breadcrumb\"},\"inLanguage\":\"de\",\"potentialAction\":[{\"@type\":\"ReadAction\",\"target\":[\"https:\/\/ikp.at\/de\/leistungen\/\"]}]},{\"@type\":\"BreadcrumbList\",\"@id\":\"https:\/\/ikp.at\/de\/leistungen\/#breadcrumb\",\"itemListElement\":[{\"@type\":\"ListItem\",\"position\":1,\"name\":\"Startseite\",\"item\":\"https:\/\/ikp.at\/de\/\"},{\"@type\":\"ListItem\",\"position\":2,\"name\":\"Leistungen\"}]},{\"@type\":\"WebSite\",\"@id\":\"https:\/\/ikp.at\/de\/#website\",\"url\":\"https:\/\/ikp.at\/de\/\",\"name\":\"ikp | PR Agentur \u00d6sterreich: Wien Salzburg Vorarlberg Graz\",\"description\":\"\",\"publisher\":{\"@id\":\"https:\/\/ikp.at\/de\/#organization\"},\"potentialAction\":[{\"@type\":\"SearchAction\",\"target\":{\"@type\":\"EntryPoint\",\"urlTemplate\":\"https:\/\/ikp.at\/de\/?s={search_term_string}\"},\"query-input\":{\"@type\":\"PropertyValueSpecification\",\"valueRequired\":true,\"valueName\":\"search_term_string\"}}],\"inLanguage\":\"de\"},{\"@type\":\"Organization\",\"@id\":\"https:\/\/ikp.at\/de\/#organization\",\"name\":\"ikp | PR Agentur \u00d6sterreich: Wien Salzburg Vorarlberg Graz\",\"url\":\"https:\/\/ikp.at\/de\/\",\"logo\":{\"@type\":\"ImageObject\",\"inLanguage\":\"de\",\"@id\":\"https:\/\/ikp.at\/de\/#\/schema\/logo\/image\/\",\"url\":\"https:\/\/ikp.at\/wp-content\/uploads\/2023\/03\/ikp-logo-yoast.jpg\",\"contentUrl\":\"https:\/\/ikp.at\/wp-content\/uploads\/2023\/03\/ikp-logo-yoast.jpg\",\"width\":696,\"height\":696,\"caption\":\"ikp | PR Agentur \u00d6sterreich: Wien Salzburg Vorarlberg Graz\"},\"image\":{\"@id\":\"https:\/\/ikp.at\/de\/#\/schema\/logo\/image\/\"},\"sameAs\":[\"https:\/\/www.facebook.com\/ikp.PR\",\"https:\/\/www.linkedin.com\/company\/ikp\/\",\"https:\/\/www.instagram.com\/ikp_pr\/\",\"https:\/\/www.tiktok.com\/@ikp.pr\",\"https:\/\/www.youtube.com\/@ikpPRundLobbying\"]}]}<\/script>\n<!-- \/ Yoast SEO plugin. -->","yoast_head_json":{"title":"ikp | PR Leistungen Ma\u00dfgeschneiderte L\u00f6sungen","description":"PR Strategie, Kommunikationsberatung, PR Konzeption, Krisenkommunikation, Corporate Publishing, Reputation Management, Social Media, Medientraining.","robots":{"index":"index","follow":"follow","max-snippet":"max-snippet:-1","max-image-preview":"max-image-preview:large","max-video-preview":"max-video-preview:-1"},"canonical":"https:\/\/ikp.at\/de\/leistungen\/","og_locale":"de_DE","og_type":"article","og_title":"ikp | PR Leistungen Ma\u00dfgeschneiderte L\u00f6sungen","og_description":"PR Strategie, Kommunikationsberatung, PR Konzeption, Krisenkommunikation, Corporate Publishing, Reputation Management, Social Media, Medientraining.","og_url":"https:\/\/ikp.at\/de\/leistungen\/","og_site_name":"ikp | PR Agentur \u00d6sterreich: Wien Salzburg Vorarlberg Graz","article_publisher":"https:\/\/www.facebook.com\/ikp.PR","article_modified_time":"2025-01-17T10:14:12+00:00","og_image":[{"width":1200,"height":675,"url":"https:\/\/ikp.at\/wp-content\/uploads\/2023\/03\/yoast-screen.jpg","type":"image\/jpeg"}],"twitter_card":"summary_large_image","twitter_misc":{"Gesch\u00e4tzte Lesezeit":"2\u00a0Minuten"},"schema":{"@context":"https:\/\/schema.org","@graph":[{"@type":"WebPage","@id":"https:\/\/ikp.at\/de\/leistungen\/","url":"https:\/\/ikp.at\/de\/leistungen\/","name":"ikp | PR Leistungen Ma\u00dfgeschneiderte L\u00f6sungen","isPartOf":{"@id":"https:\/\/ikp.at\/de\/#website"},"datePublished":"2022-11-14T09:15:14+00:00","dateModified":"2025-01-17T10:14:12+00:00","description":"PR Strategie, Kommunikationsberatung, PR Konzeption, Krisenkommunikation, Corporate Publishing, Reputation Management, Social Media, Medientraining.","breadcrumb":{"@id":"https:\/\/ikp.at\/de\/leistungen\/#breadcrumb"},"inLanguage":"de","potentialAction":[{"@type":"ReadAction","target":["https:\/\/ikp.at\/de\/leistungen\/"]}]},{"@type":"BreadcrumbList","@id":"https:\/\/ikp.at\/de\/leistungen\/#breadcrumb","itemListElement":[{"@type":"ListItem","position":1,"name":"Startseite","item":"https:\/\/ikp.at\/de\/"},{"@type":"ListItem","position":2,"name":"Leistungen"}]},{"@type":"WebSite","@id":"https:\/\/ikp.at\/de\/#website","url":"https:\/\/ikp.at\/de\/","name":"ikp | PR Agentur \u00d6sterreich: Wien Salzburg Vorarlberg Graz","description":"","publisher":{"@id":"https:\/\/ikp.at\/de\/#organization"},"potentialAction":[{"@type":"SearchAction","target":{"@type":"EntryPoint","urlTemplate":"https:\/\/ikp.at\/de\/?s={search_term_string}"},"query-input":{"@type":"PropertyValueSpecification","valueRequired":true,"valueName":"search_term_string"}}],"inLanguage":"de"},{"@type":"Organization","@id":"https:\/\/ikp.at\/de\/#organization","name":"ikp | PR Agentur \u00d6sterreich: Wien Salzburg Vorarlberg Graz","url":"https:\/\/ikp.at\/de\/","logo":{"@type":"ImageObject","inLanguage":"de","@id":"https:\/\/ikp.at\/de\/#\/schema\/logo\/image\/","url":"https:\/\/ikp.at\/wp-content\/uploads\/2023\/03\/ikp-logo-yoast.jpg","contentUrl":"https:\/\/ikp.at\/wp-content\/uploads\/2023\/03\/ikp-logo-yoast.jpg","width":696,"height":696,"caption":"ikp | PR Agentur \u00d6sterreich: Wien Salzburg Vorarlberg Graz"},"image":{"@id":"https:\/\/ikp.at\/de\/#\/schema\/logo\/image\/"},"sameAs":["https:\/\/www.facebook.com\/ikp.PR","https:\/\/www.linkedin.com\/company\/ikp\/","https:\/\/www.instagram.com\/ikp_pr\/","https:\/\/www.tiktok.com\/@ikp.pr","https:\/\/www.youtube.com\/@ikpPRundLobbying"]}]}},"_links":{"self":[{"href":"https:\/\/ikp.at\/de\/wp-json\/wp\/v2\/pages\/12","targetHints":{"allow":["GET"]}}],"collection":[{"href":"https:\/\/ikp.at\/de\/wp-json\/wp\/v2\/pages"}],"about":[{"href":"https:\/\/ikp.at\/de\/wp-json\/wp\/v2\/types\/page"}],"author":[{"embeddable":true,"href":"https:\/\/ikp.at\/de\/wp-json\/wp\/v2\/users\/2"}],"replies":[{"embeddable":true,"href":"https:\/\/ikp.at\/de\/wp-json\/wp\/v2\/comments?post=12"}],"version-history":[{"count":8,"href":"https:\/\/ikp.at\/de\/wp-json\/wp\/v2\/pages\/12\/revisions"}],"predecessor-version":[{"id":18901,"href":"https:\/\/ikp.at\/de\/wp-json\/wp\/v2\/pages\/12\/revisions\/18901"}],"wp:attachment":[{"href":"https:\/\/ikp.at\/de\/wp-json\/wp\/v2\/media?parent=12"}],"curies":[{"name":"wp","href":"https:\/\/api.w.org\/{rel}","templated":true}]}}