{"id":38,"date":"2022-11-14T11:54:03","date_gmt":"2022-11-14T11:54:03","guid":{"rendered":"https:\/\/ikp.at\/?page_id=38"},"modified":"2026-03-27T11:20:18","modified_gmt":"2026-03-27T11:20:18","slug":"strategie","status":"publish","type":"page","link":"https:\/\/ikp.at\/de\/leistungen\/strategie\/","title":{"rendered":"Strategie"},"content":{"rendered":"<p>[vc_row full_width=&#8220;stretch_row_content_no_spaces&#8220;][vc_column]\n        <div id=\"page-title\" class=\" wpb_animate_when_almost_visible wpb_fadeIn fadeIn\">\n            <div class=\"page-title-inner\">\n                <div class=\"page-title-content\"><h1 class=\"title\"><span>Strategie<\/span>, <br>die wirkt.<\/h1><\/div>\n                <div class=\"page-title-img-wrapper\"><img decoding=\"async\" class=\"page-title-img wpb_animate_when_almost_visible wpb_fadeInRight fadeInRight\" src=\"https:\/\/ikp.at\/wp-content\/uploads\/2026\/03\/ikp_Foto_Website_GL-3_ret.jpg\" alt=\"\"><\/div>\n            <\/div>\n        <\/div>[\/vc_column][\/vc_row][vc_row content_placement=&#8220;bottom&#8220; el_class=&#8220;section&#8220;][vc_column][vc_row_inner content_placement=&#8220;bottom&#8220;][vc_column_inner el_class=&#8220;content-box primary light vc_col-md-push-6 vc_col-lg-push-7&#8243; offset=&#8220;vc_col-lg-5 vc_col-md-6&#8243;][vc_column_text css_animation=&#8220;fadeIn&#8220; el_class=&#8220;arrow-list&#8220;]<\/p>\n<ul>\n<li>Strategische Kommunikationsberatung, Analyse und Konzeption<\/li>\n<li>Corporate, Marketing &amp; Brand Communications<\/li>\n<li>Krisenkommunikation &amp; Reputation Management<\/li>\n<li>Employer Branding &amp; interne Kommunikation<\/li>\n<li>Informations- &amp; Aufkl\u00e4rungskampagnen f\u00fcr Fach\u00f6ffentlichkeiten und Teilzielgruppen<\/li>\n<\/ul>\n<p>[\/vc_column_text][\/vc_column_inner][vc_column_inner el_class=&#8220;vc_col-md-pull-6 vc_col-lg-pull-5&#8243; offset=&#8220;vc_col-md-6&#8243;][vc_column_text css_animation=&#8220;fadeIn&#8220; el_class=&#8220;p-large&#8220;]Gut geplant ist halb gewonnen \u2013 das gilt auch f\u00fcr die erfolgreiche PR eines Unternehmens, einer Organisation oder einer Marke.[\/vc_column_text][vc_column_text css_animation=&#8220;fadeIn&#8220;]<\/p>\n<p class=\"p1\">Wirksame \u00d6ffentlichkeitsarbeit braucht eine fundierte Strategie und klare Botschaften. Denn eine Strategie erm\u00f6glicht effiziente Kommunikation ohne Umwege \u2013 besser, schneller und zielgruppengerecht. Wir machen Ihre Marke, Ihr Produkt und Ihr Unternehmen f\u00fcr die relevanten Dialoggruppen erlebbar und st\u00e4rken damit Ihre Reputation in der \u00d6ffentlichkeit.<\/p>\n<p>[\/vc_column_text][\/vc_column_inner][\/vc_row_inner][\/vc_column][\/vc_row][vc_row content_placement=&#8220;bottom&#8220;][vc_column][\/vc_column][\/vc_row][vc_row content_placement=&#8220;bottom&#8220; el_class=&#8220;mt50&#8243;][vc_column][vc_row_inner][vc_column_inner width=&#8220;1\/2&#8243;][vc_single_image image=&#8220;14395&#8243; img_size=&#8220;large&#8220; alignment=&#8220;center&#8220; css_animation=&#8220;fadeInUp&#8220; el_class=&#8220;mt50&#8243;][\/vc_column_inner][vc_column_inner width=&#8220;1\/2&#8243; offset=&#8220;vc_col-md-offset-1 vc_col-md-5&#8243;][vc_column_text css_animation=&#8220;fadeIn&#8220; css=&#8220;&#8220;]Bei uns gibt es alles aus einer Hand: Wir k\u00fcmmern uns von der Idee und Konzeption \u00fcber das Kampagnenmanagement bis zur Evaluierung um Ihre Kampagnen. Bei Bedarf k\u00f6nnen wir auf ein Netzwerk verl\u00e4sslicher Partner*innen aus den unterschiedlichsten Branchen zur\u00fcckgreifen.<\/p>\n<p>Um f\u00fcr alle F\u00e4lle gewappnet zu sein, skizzieren wir au\u00dferdem in der Krisenpr\u00e4vention m\u00f6gliche Szenarien, erarbeiten Strategien sowie die passenden Kommunikationsma\u00dfnahmen. Gerne geben wir unsere mehr als 30-j\u00e4hrige Expertise in individuellen Workshops und Seminaren weiter. Auch bei unvorbereiteten Krisenf\u00e4llen stehen wir als kommunikative \u201eFeuerwehr\u201c zur Seite.[\/vc_column_text][\/vc_column_inner][\/vc_row_inner][\/vc_column][\/vc_row][vc_row el_id=&#8220;cases&#8220; el_class=&#8220;section section-heading&#8220;][vc_column]<div class=\"cases-carousel \"><div class=\"swiper-wrapper\">\n        <div id=\"post-14939\" class=\"case wpb_animate_when_almost_visible wpb_fadeInRight fadeInRight\">\n            <a href=\"https:\/\/ikp.at\/de\/cases\/ey-pr-fuer-beraterinnen\/\" target=\"_self\">\n                <div class=\"post-image\">\n                    <img loading=\"lazy\" decoding=\"async\" width=\"1006\" height=\"708\" src=\"https:\/\/ikp.at\/wp-content\/uploads\/2023\/02\/Cases_EY_Bild1.jpg\" class=\"attachment-large size-large wp-post-image\" alt=\"EY (vormals Ernst &amp; Young)\" srcset=\"https:\/\/ikp.at\/wp-content\/uploads\/2023\/02\/Cases_EY_Bild1.jpg 1006w, https:\/\/ikp.at\/wp-content\/uploads\/2023\/02\/Cases_EY_Bild1-800x563.jpg 800w, https:\/\/ikp.at\/wp-content\/uploads\/2023\/02\/Cases_EY_Bild1-768x541.jpg 768w\" sizes=\"auto, (max-width: 1006px) 100vw, 1006px\" \/>\n                                    <\/div>\n                <div class=\"post-content\">\n                    <h3>Fakten, Fakten, Fakten: Studien-PR f\u00fcr EY<\/h3>\n                    <div class=\"post-cats\"><span class=\"cat\">Corporate Communications<\/span><\/div>                <\/div>\n            <\/a>\n        <\/div>\n\n        \n        <div id=\"post-20079\" class=\"case wpb_animate_when_almost_visible wpb_fadeInRight fadeInRight\">\n            <a href=\"https:\/\/ikp.at\/de\/cases\/begleitung-des-markteinritt-von-omoda-und-jaecco\/\" target=\"_self\">\n                <div class=\"post-image\">\n                    <img loading=\"lazy\" decoding=\"async\" width=\"800\" height=\"533\" src=\"https:\/\/ikp.at\/wp-content\/uploads\/2025\/11\/Bild-1-1.jpg\" class=\"attachment-large size-large wp-post-image\" alt=\"\" srcset=\"https:\/\/ikp.at\/wp-content\/uploads\/2025\/11\/Bild-1-1.jpg 800w, https:\/\/ikp.at\/wp-content\/uploads\/2025\/11\/Bild-1-1-768x512.jpg 768w\" sizes=\"auto, (max-width: 800px) 100vw, 800px\" \/>\n                                    <\/div>\n                <div class=\"post-content\">\n                    <h3>Begleitung des Markteinritt von OMODA und JAECOO<\/h3>\n                    <div class=\"post-cats\"><span class=\"cat\">Corporate Communications<\/span><\/div>                <\/div>\n            <\/a>\n        <\/div>\n\n        \n        <div id=\"post-18989\" class=\"case wpb_animate_when_almost_visible wpb_fadeInRight fadeInRight\">\n            <a href=\"https:\/\/ikp.at\/de\/cases\/texte-redaktion-fuer-fuehrendes-seilbahnmagazin-2\/\" target=\"_self\">\n                <div class=\"post-image\">\n                    <img loading=\"lazy\" decoding=\"async\" width=\"1417\" height=\"945\" src=\"https:\/\/ikp.at\/wp-content\/uploads\/2024\/10\/Bild-4-GEZ-Family-Friends-Day-23_Fuehrung_178-print-min.jpg\" class=\"attachment-large size-large wp-post-image\" alt=\"\" srcset=\"https:\/\/ikp.at\/wp-content\/uploads\/2024\/10\/Bild-4-GEZ-Family-Friends-Day-23_Fuehrung_178-print-min.jpg 1417w, https:\/\/ikp.at\/wp-content\/uploads\/2024\/10\/Bild-4-GEZ-Family-Friends-Day-23_Fuehrung_178-print-min-800x534.jpg 800w, https:\/\/ikp.at\/wp-content\/uploads\/2024\/10\/Bild-4-GEZ-Family-Friends-Day-23_Fuehrung_178-print-min-768x512.jpg 768w\" sizes=\"auto, (max-width: 1417px) 100vw, 1417px\" \/>\n                                    <\/div>\n                <div class=\"post-content\">\n                    <h3>Strategische Event- &#038; Fachpressearbeit<\/h3>\n                    <div class=\"post-cats\"><span class=\"cat\">Brand PR<\/span><span class=\"cat\">Corporate Communications<\/span><span class=\"cat\">Corporate Publishing<\/span><span class=\"cat\">Digital PR<\/span><span class=\"cat\">Strategieberatung<\/span><\/div>                <\/div>\n            <\/a>\n        <\/div>\n\n        \n        <div id=\"post-14956\" class=\"case wpb_animate_when_almost_visible wpb_fadeInRight fadeInRight\">\n            <a href=\"https:\/\/ikp.at\/de\/cases\/senecura-krisenhandbuch\/\" target=\"_self\">\n                <div class=\"post-image\">\n                    <img loading=\"lazy\" decoding=\"async\" width=\"800\" height=\"562\" src=\"https:\/\/ikp.at\/wp-content\/uploads\/2023\/02\/Cases_SeneCura_Bild1.png\" class=\"attachment-large size-large wp-post-image\" alt=\"SeneCura Kliniken- und HeimebetriebsgmbH\" srcset=\"https:\/\/ikp.at\/wp-content\/uploads\/2023\/02\/Cases_SeneCura_Bild1.png 800w, https:\/\/ikp.at\/wp-content\/uploads\/2023\/02\/Cases_SeneCura_Bild1-768x540.png 768w\" sizes=\"auto, (max-width: 800px) 100vw, 800px\" \/>\n                                    <\/div>\n                <div class=\"post-content\">\n                    <h3>Krisen(management) im Pflegebereich<\/h3>\n                    <div class=\"post-cats\"><span class=\"cat\">Krisenkommunikation<\/span><\/div>                <\/div>\n            <\/a>\n        <\/div>\n\n        \n        <div id=\"post-14559\" class=\"case wpb_animate_when_almost_visible wpb_fadeInRight fadeInRight\">\n            <a href=\"https:\/\/ikp.at\/de\/cases\/rhesi-hochwasserschutz-fuers-rheintal\/\" target=\"_self\">\n                <div class=\"post-image\">\n                    <img loading=\"lazy\" decoding=\"async\" width=\"1513\" height=\"1000\" src=\"https:\/\/ikp.at\/wp-content\/uploads\/2023\/02\/ikp_Blog_Rhesi_Visualisierung-Rhein_Fussach_Hard_c_IRR2-Kopie-1513x1000.jpg\" class=\"attachment-large size-large wp-post-image\" alt=\"Internationale Rheinregulierung\" srcset=\"https:\/\/ikp.at\/wp-content\/uploads\/2023\/02\/ikp_Blog_Rhesi_Visualisierung-Rhein_Fussach_Hard_c_IRR2-Kopie-1513x1000.jpg 1513w, https:\/\/ikp.at\/wp-content\/uploads\/2023\/02\/ikp_Blog_Rhesi_Visualisierung-Rhein_Fussach_Hard_c_IRR2-Kopie-800x529.jpg 800w, https:\/\/ikp.at\/wp-content\/uploads\/2023\/02\/ikp_Blog_Rhesi_Visualisierung-Rhein_Fussach_Hard_c_IRR2-Kopie-768x508.jpg 768w, https:\/\/ikp.at\/wp-content\/uploads\/2023\/02\/ikp_Blog_Rhesi_Visualisierung-Rhein_Fussach_Hard_c_IRR2-Kopie-1536x1015.jpg 1536w, https:\/\/ikp.at\/wp-content\/uploads\/2023\/02\/ikp_Blog_Rhesi_Visualisierung-Rhein_Fussach_Hard_c_IRR2-Kopie.jpg 2000w\" sizes=\"auto, (max-width: 1513px) 100vw, 1513px\" \/>\n                                    <\/div>\n                <div class=\"post-content\">\n                    <h3>Strategische Kommunikationsberatung Rhesi \u2013 Hochwasserschutz f\u00fcrs Rheintal<\/h3>\n                    <div class=\"post-cats\"><span class=\"cat\">Corporate Communications<\/span><\/div>                <\/div>\n            <\/a>\n        <\/div>\n\n        <\/div><div class=\"swiper-button-next\"><\/div><\/div>[\/vc_column][\/vc_row][vc_row equal_height=&#8220;yes&#8220; el_class=&#8220;section pt0&#8243;][vc_column width=&#8220;1\/2&#8243;]\n        <div class=\"cta-box button-link align-left btn-bottom light-gray-box   wpb_animate_when_almost_visible wpb_fadeIn fadeIn\">\n            <div class=\"cta-box-inner\"><div class=\"cta-box-content\"><p class=\"like-h3\">Das sind wir<\/p><p>PR-Erfolg f\u00fcr unsere Kund*innen in ganz \u00d6sterreich und dar\u00fcber hinaus. Out-of-the-box-Denken gepaart mit Professionalit\u00e4t bringt bei ikp den PR- Erfolg.<\/p>\n<\/div><a class=\"text-link arrow\" href=\"\/agentur\/\" target=\"\">Mehr \u00fcber uns<i class=\"icon arrow-right\"><\/i><\/a><\/div>\n        <\/div>[\/vc_column][vc_column width=&#8220;1\/2&#8243;]\n        <div class=\"cta-box button-link align-left btn-bottom light-gray-box   wpb_animate_when_almost_visible wpb_fadeIn fadeIn\">\n            <div class=\"cta-box-inner\"><div class=\"cta-box-content\"><p class=\"like-h3\">Unsere Leistungen<\/p><p>Mit Know-how, Kreativit\u00e4t und Begeisterung unterst\u00fctzen wir unsere Kund*innen seit mehr als 30 Jahren mit strategischer Kommunikation.<\/p>\n<\/div><a class=\"text-link arrow\" href=\"\/leistungen\/\" target=\"\">Zu den Leistungen<i class=\"icon arrow-right\"><\/i><\/a><\/div>\n        <\/div>[\/vc_column][\/vc_row]<\/p>\n","protected":false},"excerpt":{"rendered":"<p>[vc_row full_width=&#8220;stretch_row_content_no_spaces&#8220;][vc_column][\/vc_column][\/vc_row][vc_row content_placement=&#8220;bottom&#8220; el_class=&#8220;section&#8220;][vc_column][vc_row_inner content_placement=&#8220;bottom&#8220;][vc_column_inner el_class=&#8220;content-box primary light vc_col-md-push-6 vc_col-lg-push-7&#8243; offset=&#8220;vc_col-lg-5 vc_col-md-6&#8243;][vc_column_text css_animation=&#8220;fadeIn&#8220; el_class=&#8220;arrow-list&#8220;] Strategische Kommunikationsberatung, Analyse und Konzeption Corporate, Marketing &amp; Brand Communications Krisenkommunikation &amp; Reputation Management Employer Branding &amp; interne Kommunikation Informations- &amp; Aufkl\u00e4rungskampagnen f\u00fcr Fach\u00f6ffentlichkeiten und Teilzielgruppen [\/vc_column_text][\/vc_column_inner][vc_column_inner el_class=&#8220;vc_col-md-pull-6 vc_col-lg-pull-5&#8243; offset=&#8220;vc_col-md-6&#8243;][vc_column_text css_animation=&#8220;fadeIn&#8220; el_class=&#8220;p-large&#8220;]Gut geplant ist halb gewonnen \u2013 das gilt auch f\u00fcr die erfolgreiche PR eines Unternehmens, einer Organisation oder einer Marke.[\/vc_column_text][vc_column_text css_animation=&#8220;fadeIn&#8220;] Wirksame \u00d6ffentlichkeitsarbeit braucht eine fundierte Strategie und klare Botschaften. Denn eine Strategie erm\u00f6glicht effiziente Kommunikation ohne Umwege \u2013 besser, schneller und zielgruppengerecht. Wir machen Ihre Marke, Ihr Produkt und Ihr Unternehmen f\u00fcr die relevanten&#8230;<\/p>\n","protected":false},"author":2,"featured_media":18907,"parent":12,"menu_order":0,"comment_status":"closed","ping_status":"closed","template":"","meta":{"_acf_changed":false,"footnotes":""},"class_list":["post-38","page","type-page","status-publish","has-post-thumbnail","hentry"],"acf":[],"yoast_head":"<!-- This site is optimized with the Yoast SEO plugin v27.2 - https:\/\/yoast.com\/product\/yoast-seo-wordpress\/ -->\n<title>ikp | PR Agentur: Strategie, die wirkt.<\/title>\n<meta name=\"description\" content=\"Bei uns gibt es alles aus einer Hand: Wir k\u00fcmmern uns von der Idee und Konzeption \u00fcber das Kampagnenmanagement bis zur Evaluierung um Ihre Kampagnen.\" \/>\n<meta name=\"robots\" content=\"index, follow, max-snippet:-1, max-image-preview:large, max-video-preview:-1\" \/>\n<link rel=\"canonical\" href=\"https:\/\/ikp.at\/de\/leistungen\/strategie\/\" \/>\n<meta property=\"og:locale\" content=\"de_DE\" \/>\n<meta property=\"og:type\" content=\"article\" \/>\n<meta property=\"og:title\" content=\"ikp | PR Agentur: Strategie, die wirkt.\" \/>\n<meta property=\"og:description\" content=\"Bei uns gibt es alles aus einer Hand: Wir k\u00fcmmern uns von der Idee und Konzeption \u00fcber das Kampagnenmanagement bis zur Evaluierung um Ihre Kampagnen.\" \/>\n<meta property=\"og:url\" content=\"https:\/\/ikp.at\/de\/leistungen\/strategie\/\" \/>\n<meta property=\"og:site_name\" content=\"ikp | PR Agentur \u00d6sterreich: Wien Salzburg Vorarlberg Graz\" \/>\n<meta property=\"article:publisher\" content=\"https:\/\/www.facebook.com\/ikp.PR\" \/>\n<meta property=\"article:modified_time\" content=\"2026-03-27T11:20:18+00:00\" \/>\n<meta property=\"og:image\" content=\"https:\/\/ikp.at\/wp-content\/uploads\/2024\/10\/026_20230328-scaled.jpg\" \/>\n\t<meta property=\"og:image:width\" content=\"2315\" \/>\n\t<meta property=\"og:image:height\" content=\"2560\" \/>\n\t<meta property=\"og:image:type\" content=\"image\/jpeg\" \/>\n<meta name=\"twitter:card\" content=\"summary_large_image\" \/>\n<meta name=\"twitter:label1\" content=\"Gesch\u00e4tzte Lesezeit\" \/>\n\t<meta name=\"twitter:data1\" content=\"3\u00a0Minuten\" \/>\n<script type=\"application\/ld+json\" class=\"yoast-schema-graph\">{\"@context\":\"https:\/\/schema.org\",\"@graph\":[{\"@type\":\"WebPage\",\"@id\":\"https:\/\/ikp.at\/de\/leistungen\/strategie\/\",\"url\":\"https:\/\/ikp.at\/de\/leistungen\/strategie\/\",\"name\":\"ikp | PR Agentur: Strategie, die wirkt.\",\"isPartOf\":{\"@id\":\"https:\/\/ikp.at\/de\/#website\"},\"primaryImageOfPage\":{\"@id\":\"https:\/\/ikp.at\/de\/leistungen\/strategie\/#primaryimage\"},\"image\":{\"@id\":\"https:\/\/ikp.at\/de\/leistungen\/strategie\/#primaryimage\"},\"thumbnailUrl\":\"https:\/\/ikp.at\/wp-content\/uploads\/2024\/10\/026_20230328-scaled.jpg\",\"datePublished\":\"2022-11-14T11:54:03+00:00\",\"dateModified\":\"2026-03-27T11:20:18+00:00\",\"description\":\"Bei uns gibt es alles aus einer Hand: Wir k\u00fcmmern uns von der Idee und Konzeption \u00fcber das Kampagnenmanagement bis zur Evaluierung um Ihre Kampagnen.\",\"breadcrumb\":{\"@id\":\"https:\/\/ikp.at\/de\/leistungen\/strategie\/#breadcrumb\"},\"inLanguage\":\"de\",\"potentialAction\":[{\"@type\":\"ReadAction\",\"target\":[\"https:\/\/ikp.at\/de\/leistungen\/strategie\/\"]}]},{\"@type\":\"ImageObject\",\"inLanguage\":\"de\",\"@id\":\"https:\/\/ikp.at\/de\/leistungen\/strategie\/#primaryimage\",\"url\":\"https:\/\/ikp.at\/wp-content\/uploads\/2024\/10\/026_20230328-scaled.jpg\",\"contentUrl\":\"https:\/\/ikp.at\/wp-content\/uploads\/2024\/10\/026_20230328-scaled.jpg\",\"width\":2315,\"height\":2560},{\"@type\":\"BreadcrumbList\",\"@id\":\"https:\/\/ikp.at\/de\/leistungen\/strategie\/#breadcrumb\",\"itemListElement\":[{\"@type\":\"ListItem\",\"position\":1,\"name\":\"Startseite\",\"item\":\"https:\/\/ikp.at\/de\/\"},{\"@type\":\"ListItem\",\"position\":2,\"name\":\"Leistungen\",\"item\":\"https:\/\/ikp.at\/de\/leistungen\/\"},{\"@type\":\"ListItem\",\"position\":3,\"name\":\"Strategie\"}]},{\"@type\":\"WebSite\",\"@id\":\"https:\/\/ikp.at\/de\/#website\",\"url\":\"https:\/\/ikp.at\/de\/\",\"name\":\"ikp | PR Agentur \u00d6sterreich: Wien Salzburg Vorarlberg Graz\",\"description\":\"\",\"publisher\":{\"@id\":\"https:\/\/ikp.at\/de\/#organization\"},\"potentialAction\":[{\"@type\":\"SearchAction\",\"target\":{\"@type\":\"EntryPoint\",\"urlTemplate\":\"https:\/\/ikp.at\/de\/?s={search_term_string}\"},\"query-input\":{\"@type\":\"PropertyValueSpecification\",\"valueRequired\":true,\"valueName\":\"search_term_string\"}}],\"inLanguage\":\"de\"},{\"@type\":\"Organization\",\"@id\":\"https:\/\/ikp.at\/de\/#organization\",\"name\":\"ikp | PR Agentur \u00d6sterreich: Wien Salzburg Vorarlberg Graz\",\"url\":\"https:\/\/ikp.at\/de\/\",\"logo\":{\"@type\":\"ImageObject\",\"inLanguage\":\"de\",\"@id\":\"https:\/\/ikp.at\/de\/#\/schema\/logo\/image\/\",\"url\":\"https:\/\/ikp.at\/wp-content\/uploads\/2023\/03\/ikp-logo-yoast.jpg\",\"contentUrl\":\"https:\/\/ikp.at\/wp-content\/uploads\/2023\/03\/ikp-logo-yoast.jpg\",\"width\":696,\"height\":696,\"caption\":\"ikp | PR Agentur \u00d6sterreich: Wien Salzburg Vorarlberg Graz\"},\"image\":{\"@id\":\"https:\/\/ikp.at\/de\/#\/schema\/logo\/image\/\"},\"sameAs\":[\"https:\/\/www.facebook.com\/ikp.PR\",\"https:\/\/www.linkedin.com\/company\/ikp\/\",\"https:\/\/www.instagram.com\/ikp_pr\/\",\"https:\/\/www.tiktok.com\/@ikp.pr\",\"https:\/\/www.youtube.com\/@ikpPRundLobbying\"]}]}<\/script>\n<!-- \/ Yoast SEO plugin. -->","yoast_head_json":{"title":"ikp | PR Agentur: Strategie, die wirkt.","description":"Bei uns gibt es alles aus einer Hand: Wir k\u00fcmmern uns von der Idee und Konzeption \u00fcber das Kampagnenmanagement bis zur Evaluierung um Ihre Kampagnen.","robots":{"index":"index","follow":"follow","max-snippet":"max-snippet:-1","max-image-preview":"max-image-preview:large","max-video-preview":"max-video-preview:-1"},"canonical":"https:\/\/ikp.at\/de\/leistungen\/strategie\/","og_locale":"de_DE","og_type":"article","og_title":"ikp | PR Agentur: Strategie, die wirkt.","og_description":"Bei uns gibt es alles aus einer Hand: Wir k\u00fcmmern uns von der Idee und Konzeption \u00fcber das Kampagnenmanagement bis zur Evaluierung um Ihre Kampagnen.","og_url":"https:\/\/ikp.at\/de\/leistungen\/strategie\/","og_site_name":"ikp | PR Agentur \u00d6sterreich: Wien Salzburg Vorarlberg Graz","article_publisher":"https:\/\/www.facebook.com\/ikp.PR","article_modified_time":"2026-03-27T11:20:18+00:00","og_image":[{"width":2315,"height":2560,"url":"https:\/\/ikp.at\/wp-content\/uploads\/2024\/10\/026_20230328-scaled.jpg","type":"image\/jpeg"}],"twitter_card":"summary_large_image","twitter_misc":{"Gesch\u00e4tzte Lesezeit":"3\u00a0Minuten"},"schema":{"@context":"https:\/\/schema.org","@graph":[{"@type":"WebPage","@id":"https:\/\/ikp.at\/de\/leistungen\/strategie\/","url":"https:\/\/ikp.at\/de\/leistungen\/strategie\/","name":"ikp | PR Agentur: Strategie, die wirkt.","isPartOf":{"@id":"https:\/\/ikp.at\/de\/#website"},"primaryImageOfPage":{"@id":"https:\/\/ikp.at\/de\/leistungen\/strategie\/#primaryimage"},"image":{"@id":"https:\/\/ikp.at\/de\/leistungen\/strategie\/#primaryimage"},"thumbnailUrl":"https:\/\/ikp.at\/wp-content\/uploads\/2024\/10\/026_20230328-scaled.jpg","datePublished":"2022-11-14T11:54:03+00:00","dateModified":"2026-03-27T11:20:18+00:00","description":"Bei uns gibt es alles aus einer Hand: Wir k\u00fcmmern uns von der Idee und Konzeption \u00fcber das Kampagnenmanagement bis zur Evaluierung um Ihre Kampagnen.","breadcrumb":{"@id":"https:\/\/ikp.at\/de\/leistungen\/strategie\/#breadcrumb"},"inLanguage":"de","potentialAction":[{"@type":"ReadAction","target":["https:\/\/ikp.at\/de\/leistungen\/strategie\/"]}]},{"@type":"ImageObject","inLanguage":"de","@id":"https:\/\/ikp.at\/de\/leistungen\/strategie\/#primaryimage","url":"https:\/\/ikp.at\/wp-content\/uploads\/2024\/10\/026_20230328-scaled.jpg","contentUrl":"https:\/\/ikp.at\/wp-content\/uploads\/2024\/10\/026_20230328-scaled.jpg","width":2315,"height":2560},{"@type":"BreadcrumbList","@id":"https:\/\/ikp.at\/de\/leistungen\/strategie\/#breadcrumb","itemListElement":[{"@type":"ListItem","position":1,"name":"Startseite","item":"https:\/\/ikp.at\/de\/"},{"@type":"ListItem","position":2,"name":"Leistungen","item":"https:\/\/ikp.at\/de\/leistungen\/"},{"@type":"ListItem","position":3,"name":"Strategie"}]},{"@type":"WebSite","@id":"https:\/\/ikp.at\/de\/#website","url":"https:\/\/ikp.at\/de\/","name":"ikp | PR Agentur \u00d6sterreich: Wien Salzburg Vorarlberg Graz","description":"","publisher":{"@id":"https:\/\/ikp.at\/de\/#organization"},"potentialAction":[{"@type":"SearchAction","target":{"@type":"EntryPoint","urlTemplate":"https:\/\/ikp.at\/de\/?s={search_term_string}"},"query-input":{"@type":"PropertyValueSpecification","valueRequired":true,"valueName":"search_term_string"}}],"inLanguage":"de"},{"@type":"Organization","@id":"https:\/\/ikp.at\/de\/#organization","name":"ikp | PR Agentur \u00d6sterreich: Wien Salzburg Vorarlberg Graz","url":"https:\/\/ikp.at\/de\/","logo":{"@type":"ImageObject","inLanguage":"de","@id":"https:\/\/ikp.at\/de\/#\/schema\/logo\/image\/","url":"https:\/\/ikp.at\/wp-content\/uploads\/2023\/03\/ikp-logo-yoast.jpg","contentUrl":"https:\/\/ikp.at\/wp-content\/uploads\/2023\/03\/ikp-logo-yoast.jpg","width":696,"height":696,"caption":"ikp | PR Agentur \u00d6sterreich: Wien Salzburg Vorarlberg Graz"},"image":{"@id":"https:\/\/ikp.at\/de\/#\/schema\/logo\/image\/"},"sameAs":["https:\/\/www.facebook.com\/ikp.PR","https:\/\/www.linkedin.com\/company\/ikp\/","https:\/\/www.instagram.com\/ikp_pr\/","https:\/\/www.tiktok.com\/@ikp.pr","https:\/\/www.youtube.com\/@ikpPRundLobbying"]}]}},"_links":{"self":[{"href":"https:\/\/ikp.at\/de\/wp-json\/wp\/v2\/pages\/38","targetHints":{"allow":["GET"]}}],"collection":[{"href":"https:\/\/ikp.at\/de\/wp-json\/wp\/v2\/pages"}],"about":[{"href":"https:\/\/ikp.at\/de\/wp-json\/wp\/v2\/types\/page"}],"author":[{"embeddable":true,"href":"https:\/\/ikp.at\/de\/wp-json\/wp\/v2\/users\/2"}],"replies":[{"embeddable":true,"href":"https:\/\/ikp.at\/de\/wp-json\/wp\/v2\/comments?post=38"}],"version-history":[{"count":10,"href":"https:\/\/ikp.at\/de\/wp-json\/wp\/v2\/pages\/38\/revisions"}],"predecessor-version":[{"id":20565,"href":"https:\/\/ikp.at\/de\/wp-json\/wp\/v2\/pages\/38\/revisions\/20565"}],"up":[{"embeddable":true,"href":"https:\/\/ikp.at\/de\/wp-json\/wp\/v2\/pages\/12"}],"wp:featuredmedia":[{"embeddable":true,"href":"https:\/\/ikp.at\/de\/wp-json\/wp\/v2\/media\/18907"}],"wp:attachment":[{"href":"https:\/\/ikp.at\/de\/wp-json\/wp\/v2\/media?parent=38"}],"curies":[{"name":"wp","href":"https:\/\/api.w.org\/{rel}","templated":true}]}}