{"id":387,"date":"2022-11-29T08:29:51","date_gmt":"2022-11-29T08:29:51","guid":{"rendered":"https:\/\/ikp.at\/?page_id=387"},"modified":"2023-03-07T14:25:13","modified_gmt":"2023-03-07T14:25:13","slug":"prspektiven","status":"publish","type":"page","link":"https:\/\/ikp.at\/de\/prspektiven\/","title":{"rendered":"PRspektiven"},"content":{"rendered":"<p>[vc_row full_width=&#8220;stretch_row_content_no_spaces&#8220;][vc_column]\n        <div id=\"page-title\" class=\" wpb_animate_when_almost_visible wpb_fadeIn fadeIn\">\n            <div class=\"page-title-inner\">\n                <div class=\"page-title-content\"><p class=\"p-large\">PRspektiven<\/p><h1 class=\"title\">Unser Magazin f\u00fcr Kund*innen, Partner*innen und Interessierte.<\/h1><\/div>\n                <div class=\"page-title-img-wrapper\"><img decoding=\"async\" class=\"page-title-img wpb_animate_when_almost_visible wpb_fadeInRight fadeInRight\" src=\"https:\/\/ikp.at\/wp-content\/uploads\/2022\/12\/PRspektiven.jpg\" alt=\"PRspektiven\"><\/div>\n            <\/div>\n        <\/div>[\/vc_column][\/vc_row][vc_row css_animation=&#8220;fadeIn&#8220; el_class=&#8220;section mt50&#8243;][vc_column][vc_row_inner el_class=&#8220;mb100&#8243;][vc_column_inner offset=&#8220;vc_col-lg-8 vc_col-md-10&#8243;][vc_column_text el_class=&#8220;p-large&#8220;]Mit den PRspektiven, dem Partner- und Kundenmagazin von ikp, informieren wir regelm\u00e4\u00dfig \u00fcber aktuelle Trends in der PR-Branche, stellen interessante Case Studies vor und erz\u00e4hlen aus dem Alltag einer PR-Agentur.[\/vc_column_text][\/vc_column_inner][\/vc_row_inner][vc_row_inner el_class=&#8220;perspektiven-grid&#8220;][vc_column_inner][vc_single_image image=&#8220;15817&#8243; img_size=&#8220;large&#8220; add_caption=&#8220;yes&#8220; onclick=&#8220;custom_link&#8220; img_link_target=&#8220;_blank&#8220; link=&#8220;https:\/\/www.ikp.at\/e-prspektiven\/talente\/&#8220; el_class=&#8220;bordered&#8220;][vc_single_image image=&#8220;14677&#8243; img_size=&#8220;large&#8220; add_caption=&#8220;yes&#8220; onclick=&#8220;custom_link&#8220; img_link_target=&#8220;_blank&#8220; link=&#8220;https:\/\/www.ikp.at\/e-prspektiven\/ich-du-wir\/&#8220; el_class=&#8220;bordered&#8220;][vc_single_image image=&#8220;14679&#8243; img_size=&#8220;large&#8220; add_caption=&#8220;yes&#8220; onclick=&#8220;custom_link&#8220; img_link_target=&#8220;_blank&#8220; link=&#8220;https:\/\/www.ikp.at\/e-prspektiven\/gurt\/&#8220; el_class=&#8220;bordered&#8220;][vc_single_image image=&#8220;14680&#8243; img_size=&#8220;large&#8220; add_caption=&#8220;yes&#8220; onclick=&#8220;custom_link&#8220; img_link_target=&#8220;_blank&#8220; link=&#8220;https:\/\/www.ikp.at\/e-prspektiven\/verantwortung\/&#8220; el_class=&#8220;bordered&#8220;][vc_single_image image=&#8220;14681&#8243; img_size=&#8220;large&#8220; add_caption=&#8220;yes&#8220; onclick=&#8220;custom_link&#8220; img_link_target=&#8220;_blank&#8220; link=&#8220;https:\/\/www.ikp.at\/e-prspektiven\/image\/&#8220; el_class=&#8220;bordered&#8220;][vc_single_image image=&#8220;14682&#8243; img_size=&#8220;large&#8220; add_caption=&#8220;yes&#8220; onclick=&#8220;custom_link&#8220; img_link_target=&#8220;_blank&#8220; link=&#8220;https:\/\/www.ikp.at\/e-prspektiven\/corona\/&#8220; el_class=&#8220;bordered&#8220;][vc_single_image image=&#8220;15819&#8243; img_size=&#8220;large&#8220; add_caption=&#8220;yes&#8220; el_class=&#8220;bordered&#8220;][vc_single_image image=&#8220;15821&#8243; img_size=&#8220;large&#8220; add_caption=&#8220;yes&#8220; el_class=&#8220;bordered&#8220;][vc_single_image image=&#8220;15823&#8243; img_size=&#8220;large&#8220; add_caption=&#8220;yes&#8220; el_class=&#8220;bordered&#8220;][vc_single_image image=&#8220;15825&#8243; img_size=&#8220;large&#8220; add_caption=&#8220;yes&#8220; el_class=&#8220;bordered&#8220;][vc_single_image image=&#8220;15827&#8243; img_size=&#8220;large&#8220; add_caption=&#8220;yes&#8220; el_class=&#8220;bordered&#8220;][vc_single_image image=&#8220;15829&#8243; img_size=&#8220;large&#8220; add_caption=&#8220;yes&#8220; el_class=&#8220;bordered&#8220;][vc_single_image image=&#8220;15831&#8243; img_size=&#8220;large&#8220; add_caption=&#8220;yes&#8220; el_class=&#8220;bordered&#8220;][vc_single_image image=&#8220;15833&#8243; img_size=&#8220;large&#8220; add_caption=&#8220;yes&#8220; el_class=&#8220;bordered&#8220;][vc_single_image image=&#8220;15835&#8243; img_size=&#8220;large&#8220; add_caption=&#8220;yes&#8220; el_class=&#8220;bordered&#8220;][\/vc_column_inner][\/vc_row_inner][vc_row_inner][vc_column_inner el_class=&#8220;content-box gray small mt50&#8243; offset=&#8220;vc_col-lg-offset-2 vc_col-lg-8 vc_col-md-offset-1 vc_col-md-10&#8243;][vc_column_text el_class=&#8220;mb10&#8243;]<\/p>\n<h4>Gerne schicken wir auch die Printausgaben per Post \u2013 einfach bestellen unter<\/h4>\n<p>[\/vc_column_text]\n        <div class=\"iconbox fullbox-link icon-left align-left no-desc    \"><a class=\"fullbox-link\" href=\"mailto:prspektiven@ikp.at\" target=\"_blank\"><\/a><img decoding=\"async\" width=\"32\" src=\"https:\/\/ikp.at\/wp-content\/uploads\/2022\/11\/icon-mail3.svg\" alt=\"Mail\">\n            <div class=\"iconbox-content\"><p class=\"like-h3\">prspektiven@ikp.at<\/p><\/div>\n        <\/div>[\/vc_column_inner][\/vc_row_inner][\/vc_column][\/vc_row]<\/p>\n","protected":false},"excerpt":{"rendered":"<p>[vc_row full_width=&#8220;stretch_row_content_no_spaces&#8220;][vc_column][\/vc_column][\/vc_row][vc_row css_animation=&#8220;fadeIn&#8220; el_class=&#8220;section mt50&#8243;][vc_column][vc_row_inner el_class=&#8220;mb100&#8243;][vc_column_inner offset=&#8220;vc_col-lg-8 vc_col-md-10&#8243;][vc_column_text el_class=&#8220;p-large&#8220;]Mit den PRspektiven, dem Partner- und Kundenmagazin von ikp, informieren wir regelm\u00e4\u00dfig \u00fcber aktuelle Trends in der PR-Branche, stellen interessante Case Studies vor und erz\u00e4hlen aus dem Alltag einer PR-Agentur.[\/vc_column_text][\/vc_column_inner][\/vc_row_inner][vc_row_inner el_class=&#8220;perspektiven-grid&#8220;][vc_column_inner][vc_single_image image=&#8220;15817&#8243; img_size=&#8220;large&#8220; add_caption=&#8220;yes&#8220; onclick=&#8220;custom_link&#8220; img_link_target=&#8220;_blank&#8220; link=&#8220;https:\/\/www.ikp.at\/e-prspektiven\/talente\/&#8220; el_class=&#8220;bordered&#8220;][vc_single_image image=&#8220;14677&#8243; img_size=&#8220;large&#8220; add_caption=&#8220;yes&#8220; onclick=&#8220;custom_link&#8220; img_link_target=&#8220;_blank&#8220; link=&#8220;https:\/\/www.ikp.at\/e-prspektiven\/ich-du-wir\/&#8220; el_class=&#8220;bordered&#8220;][vc_single_image image=&#8220;14679&#8243; img_size=&#8220;large&#8220; add_caption=&#8220;yes&#8220; onclick=&#8220;custom_link&#8220; img_link_target=&#8220;_blank&#8220; link=&#8220;https:\/\/www.ikp.at\/e-prspektiven\/gurt\/&#8220; el_class=&#8220;bordered&#8220;][vc_single_image image=&#8220;14680&#8243; img_size=&#8220;large&#8220; add_caption=&#8220;yes&#8220; onclick=&#8220;custom_link&#8220; img_link_target=&#8220;_blank&#8220; link=&#8220;https:\/\/www.ikp.at\/e-prspektiven\/verantwortung\/&#8220; el_class=&#8220;bordered&#8220;][vc_single_image image=&#8220;14681&#8243; img_size=&#8220;large&#8220; add_caption=&#8220;yes&#8220; onclick=&#8220;custom_link&#8220; img_link_target=&#8220;_blank&#8220; link=&#8220;https:\/\/www.ikp.at\/e-prspektiven\/image\/&#8220; el_class=&#8220;bordered&#8220;][vc_single_image image=&#8220;14682&#8243; img_size=&#8220;large&#8220; add_caption=&#8220;yes&#8220; onclick=&#8220;custom_link&#8220; img_link_target=&#8220;_blank&#8220; link=&#8220;https:\/\/www.ikp.at\/e-prspektiven\/corona\/&#8220; el_class=&#8220;bordered&#8220;][vc_single_image image=&#8220;15819&#8243; img_size=&#8220;large&#8220; add_caption=&#8220;yes&#8220; el_class=&#8220;bordered&#8220;][vc_single_image image=&#8220;15821&#8243; img_size=&#8220;large&#8220; add_caption=&#8220;yes&#8220; el_class=&#8220;bordered&#8220;][vc_single_image image=&#8220;15823&#8243; img_size=&#8220;large&#8220; add_caption=&#8220;yes&#8220; el_class=&#8220;bordered&#8220;][vc_single_image image=&#8220;15825&#8243; img_size=&#8220;large&#8220; add_caption=&#8220;yes&#8220; el_class=&#8220;bordered&#8220;][vc_single_image image=&#8220;15827&#8243; img_size=&#8220;large&#8220; add_caption=&#8220;yes&#8220;&#8230;<\/p>\n","protected":false},"author":2,"featured_media":0,"parent":0,"menu_order":0,"comment_status":"closed","ping_status":"closed","template":"","meta":{"_acf_changed":false,"footnotes":""},"class_list":["post-387","page","type-page","status-publish","hentry"],"acf":[],"yoast_head":"<!-- This site is optimized with the Yoast SEO plugin v27.2 - https:\/\/yoast.com\/product\/yoast-seo-wordpress\/ -->\n<title>PRspektiven - ikp | PR Agentur \u00d6sterreich: Wien Salzburg Vorarlberg Graz<\/title>\n<meta name=\"robots\" content=\"index, follow, max-snippet:-1, max-image-preview:large, max-video-preview:-1\" \/>\n<link rel=\"canonical\" href=\"https:\/\/ikp.at\/de\/prspektiven\/\" \/>\n<meta property=\"og:locale\" content=\"de_DE\" \/>\n<meta property=\"og:type\" content=\"article\" \/>\n<meta property=\"og:title\" content=\"PRspektiven - ikp | PR Agentur \u00d6sterreich: Wien Salzburg Vorarlberg Graz\" \/>\n<meta property=\"og:description\" content=\"[vc_row full_width=&#8220;stretch_row_content_no_spaces&#8220;][vc_column][\/vc_column][\/vc_row][vc_row css_animation=&#8220;fadeIn&#8220; el_class=&#8220;section mt50&#8243;][vc_column][vc_row_inner el_class=&#8220;mb100&#8243;][vc_column_inner offset=&#8220;vc_col-lg-8 vc_col-md-10&#8243;][vc_column_text el_class=&#8220;p-large&#8220;]Mit den PRspektiven, dem Partner- und Kundenmagazin von ikp, informieren wir regelm\u00e4\u00dfig \u00fcber aktuelle Trends in der PR-Branche, stellen interessante Case Studies vor und erz\u00e4hlen aus dem Alltag einer PR-Agentur.[\/vc_column_text][\/vc_column_inner][\/vc_row_inner][vc_row_inner el_class=&#8220;perspektiven-grid&#8220;][vc_column_inner][vc_single_image image=&#8220;15817&#8243; img_size=&#8220;large&#8220; add_caption=&#8220;yes&#8220; onclick=&#8220;custom_link&#8220; img_link_target=&#8220;_blank&#8220; link=&#8220;https:\/\/www.ikp.at\/e-prspektiven\/talente\/&#8220; el_class=&#8220;bordered&#8220;][vc_single_image image=&#8220;14677&#8243; img_size=&#8220;large&#8220; add_caption=&#8220;yes&#8220; onclick=&#8220;custom_link&#8220; img_link_target=&#8220;_blank&#8220; link=&#8220;https:\/\/www.ikp.at\/e-prspektiven\/ich-du-wir\/&#8220; el_class=&#8220;bordered&#8220;][vc_single_image image=&#8220;14679&#8243; img_size=&#8220;large&#8220; add_caption=&#8220;yes&#8220; onclick=&#8220;custom_link&#8220; img_link_target=&#8220;_blank&#8220; link=&#8220;https:\/\/www.ikp.at\/e-prspektiven\/gurt\/&#8220; el_class=&#8220;bordered&#8220;][vc_single_image image=&#8220;14680&#8243; img_size=&#8220;large&#8220; add_caption=&#8220;yes&#8220; onclick=&#8220;custom_link&#8220; img_link_target=&#8220;_blank&#8220; link=&#8220;https:\/\/www.ikp.at\/e-prspektiven\/verantwortung\/&#8220; el_class=&#8220;bordered&#8220;][vc_single_image image=&#8220;14681&#8243; img_size=&#8220;large&#8220; add_caption=&#8220;yes&#8220; onclick=&#8220;custom_link&#8220; img_link_target=&#8220;_blank&#8220; link=&#8220;https:\/\/www.ikp.at\/e-prspektiven\/image\/&#8220; el_class=&#8220;bordered&#8220;][vc_single_image image=&#8220;14682&#8243; img_size=&#8220;large&#8220; add_caption=&#8220;yes&#8220; onclick=&#8220;custom_link&#8220; img_link_target=&#8220;_blank&#8220; link=&#8220;https:\/\/www.ikp.at\/e-prspektiven\/corona\/&#8220; el_class=&#8220;bordered&#8220;][vc_single_image image=&#8220;15819&#8243; img_size=&#8220;large&#8220; add_caption=&#8220;yes&#8220; el_class=&#8220;bordered&#8220;][vc_single_image image=&#8220;15821&#8243; img_size=&#8220;large&#8220; add_caption=&#8220;yes&#8220; el_class=&#8220;bordered&#8220;][vc_single_image image=&#8220;15823&#8243; img_size=&#8220;large&#8220; add_caption=&#8220;yes&#8220; el_class=&#8220;bordered&#8220;][vc_single_image image=&#8220;15825&#8243; img_size=&#8220;large&#8220; add_caption=&#8220;yes&#8220; el_class=&#8220;bordered&#8220;][vc_single_image image=&#8220;15827&#8243; img_size=&#8220;large&#8220; add_caption=&#8220;yes&#8220;...\" \/>\n<meta property=\"og:url\" content=\"https:\/\/ikp.at\/de\/prspektiven\/\" \/>\n<meta property=\"og:site_name\" content=\"ikp | PR Agentur \u00d6sterreich: Wien Salzburg Vorarlberg Graz\" \/>\n<meta property=\"article:publisher\" content=\"https:\/\/www.facebook.com\/ikp.PR\" \/>\n<meta property=\"article:modified_time\" content=\"2023-03-07T14:25:13+00:00\" \/>\n<meta property=\"og:image\" content=\"https:\/\/ikp.at\/wp-content\/uploads\/2023\/03\/yoast-screen.jpg\" \/>\n\t<meta property=\"og:image:width\" content=\"1200\" \/>\n\t<meta property=\"og:image:height\" content=\"675\" \/>\n\t<meta property=\"og:image:type\" content=\"image\/jpeg\" \/>\n<meta name=\"twitter:card\" content=\"summary_large_image\" \/>\n<meta name=\"twitter:label1\" content=\"Gesch\u00e4tzte Lesezeit\" \/>\n\t<meta name=\"twitter:data1\" content=\"1\u00a0Minute\" \/>\n<script type=\"application\/ld+json\" class=\"yoast-schema-graph\">{\"@context\":\"https:\/\/schema.org\",\"@graph\":[{\"@type\":\"WebPage\",\"@id\":\"https:\/\/ikp.at\/de\/prspektiven\/\",\"url\":\"https:\/\/ikp.at\/de\/prspektiven\/\",\"name\":\"PRspektiven - ikp | PR Agentur \u00d6sterreich: Wien Salzburg Vorarlberg Graz\",\"isPartOf\":{\"@id\":\"https:\/\/ikp.at\/de\/#website\"},\"datePublished\":\"2022-11-29T08:29:51+00:00\",\"dateModified\":\"2023-03-07T14:25:13+00:00\",\"breadcrumb\":{\"@id\":\"https:\/\/ikp.at\/de\/prspektiven\/#breadcrumb\"},\"inLanguage\":\"de\",\"potentialAction\":[{\"@type\":\"ReadAction\",\"target\":[\"https:\/\/ikp.at\/de\/prspektiven\/\"]}]},{\"@type\":\"BreadcrumbList\",\"@id\":\"https:\/\/ikp.at\/de\/prspektiven\/#breadcrumb\",\"itemListElement\":[{\"@type\":\"ListItem\",\"position\":1,\"name\":\"Startseite\",\"item\":\"https:\/\/ikp.at\/de\/\"},{\"@type\":\"ListItem\",\"position\":2,\"name\":\"PRspektiven\"}]},{\"@type\":\"WebSite\",\"@id\":\"https:\/\/ikp.at\/de\/#website\",\"url\":\"https:\/\/ikp.at\/de\/\",\"name\":\"ikp | PR Agentur \u00d6sterreich: Wien Salzburg Vorarlberg Graz\",\"description\":\"\",\"publisher\":{\"@id\":\"https:\/\/ikp.at\/de\/#organization\"},\"potentialAction\":[{\"@type\":\"SearchAction\",\"target\":{\"@type\":\"EntryPoint\",\"urlTemplate\":\"https:\/\/ikp.at\/de\/?s={search_term_string}\"},\"query-input\":{\"@type\":\"PropertyValueSpecification\",\"valueRequired\":true,\"valueName\":\"search_term_string\"}}],\"inLanguage\":\"de\"},{\"@type\":\"Organization\",\"@id\":\"https:\/\/ikp.at\/de\/#organization\",\"name\":\"ikp | PR Agentur \u00d6sterreich: Wien Salzburg Vorarlberg Graz\",\"url\":\"https:\/\/ikp.at\/de\/\",\"logo\":{\"@type\":\"ImageObject\",\"inLanguage\":\"de\",\"@id\":\"https:\/\/ikp.at\/de\/#\/schema\/logo\/image\/\",\"url\":\"https:\/\/ikp.at\/wp-content\/uploads\/2023\/03\/ikp-logo-yoast.jpg\",\"contentUrl\":\"https:\/\/ikp.at\/wp-content\/uploads\/2023\/03\/ikp-logo-yoast.jpg\",\"width\":696,\"height\":696,\"caption\":\"ikp | PR Agentur \u00d6sterreich: Wien Salzburg Vorarlberg Graz\"},\"image\":{\"@id\":\"https:\/\/ikp.at\/de\/#\/schema\/logo\/image\/\"},\"sameAs\":[\"https:\/\/www.facebook.com\/ikp.PR\",\"https:\/\/www.linkedin.com\/company\/ikp\/\",\"https:\/\/www.instagram.com\/ikp_pr\/\",\"https:\/\/www.tiktok.com\/@ikp.pr\",\"https:\/\/www.youtube.com\/@ikpPRundLobbying\"]}]}<\/script>\n<!-- \/ Yoast SEO plugin. -->","yoast_head_json":{"title":"PRspektiven - ikp | PR Agentur \u00d6sterreich: Wien Salzburg Vorarlberg Graz","robots":{"index":"index","follow":"follow","max-snippet":"max-snippet:-1","max-image-preview":"max-image-preview:large","max-video-preview":"max-video-preview:-1"},"canonical":"https:\/\/ikp.at\/de\/prspektiven\/","og_locale":"de_DE","og_type":"article","og_title":"PRspektiven - ikp | PR Agentur \u00d6sterreich: Wien Salzburg Vorarlberg Graz","og_description":"[vc_row full_width=&#8220;stretch_row_content_no_spaces&#8220;][vc_column][\/vc_column][\/vc_row][vc_row css_animation=&#8220;fadeIn&#8220; el_class=&#8220;section mt50&#8243;][vc_column][vc_row_inner el_class=&#8220;mb100&#8243;][vc_column_inner offset=&#8220;vc_col-lg-8 vc_col-md-10&#8243;][vc_column_text el_class=&#8220;p-large&#8220;]Mit den PRspektiven, dem Partner- und Kundenmagazin von ikp, informieren wir regelm\u00e4\u00dfig \u00fcber aktuelle Trends in der PR-Branche, stellen interessante Case Studies vor und erz\u00e4hlen aus dem Alltag einer PR-Agentur.[\/vc_column_text][\/vc_column_inner][\/vc_row_inner][vc_row_inner el_class=&#8220;perspektiven-grid&#8220;][vc_column_inner][vc_single_image image=&#8220;15817&#8243; img_size=&#8220;large&#8220; add_caption=&#8220;yes&#8220; onclick=&#8220;custom_link&#8220; img_link_target=&#8220;_blank&#8220; link=&#8220;https:\/\/www.ikp.at\/e-prspektiven\/talente\/&#8220; el_class=&#8220;bordered&#8220;][vc_single_image image=&#8220;14677&#8243; img_size=&#8220;large&#8220; add_caption=&#8220;yes&#8220; onclick=&#8220;custom_link&#8220; img_link_target=&#8220;_blank&#8220; link=&#8220;https:\/\/www.ikp.at\/e-prspektiven\/ich-du-wir\/&#8220; el_class=&#8220;bordered&#8220;][vc_single_image image=&#8220;14679&#8243; img_size=&#8220;large&#8220; add_caption=&#8220;yes&#8220; onclick=&#8220;custom_link&#8220; img_link_target=&#8220;_blank&#8220; link=&#8220;https:\/\/www.ikp.at\/e-prspektiven\/gurt\/&#8220; el_class=&#8220;bordered&#8220;][vc_single_image image=&#8220;14680&#8243; img_size=&#8220;large&#8220; add_caption=&#8220;yes&#8220; onclick=&#8220;custom_link&#8220; img_link_target=&#8220;_blank&#8220; link=&#8220;https:\/\/www.ikp.at\/e-prspektiven\/verantwortung\/&#8220; el_class=&#8220;bordered&#8220;][vc_single_image image=&#8220;14681&#8243; img_size=&#8220;large&#8220; add_caption=&#8220;yes&#8220; onclick=&#8220;custom_link&#8220; img_link_target=&#8220;_blank&#8220; link=&#8220;https:\/\/www.ikp.at\/e-prspektiven\/image\/&#8220; el_class=&#8220;bordered&#8220;][vc_single_image image=&#8220;14682&#8243; img_size=&#8220;large&#8220; add_caption=&#8220;yes&#8220; onclick=&#8220;custom_link&#8220; img_link_target=&#8220;_blank&#8220; link=&#8220;https:\/\/www.ikp.at\/e-prspektiven\/corona\/&#8220; el_class=&#8220;bordered&#8220;][vc_single_image image=&#8220;15819&#8243; img_size=&#8220;large&#8220; add_caption=&#8220;yes&#8220; el_class=&#8220;bordered&#8220;][vc_single_image image=&#8220;15821&#8243; img_size=&#8220;large&#8220; add_caption=&#8220;yes&#8220; el_class=&#8220;bordered&#8220;][vc_single_image image=&#8220;15823&#8243; img_size=&#8220;large&#8220; add_caption=&#8220;yes&#8220; el_class=&#8220;bordered&#8220;][vc_single_image image=&#8220;15825&#8243; img_size=&#8220;large&#8220; add_caption=&#8220;yes&#8220; el_class=&#8220;bordered&#8220;][vc_single_image image=&#8220;15827&#8243; img_size=&#8220;large&#8220; add_caption=&#8220;yes&#8220;...","og_url":"https:\/\/ikp.at\/de\/prspektiven\/","og_site_name":"ikp | PR Agentur \u00d6sterreich: Wien Salzburg Vorarlberg Graz","article_publisher":"https:\/\/www.facebook.com\/ikp.PR","article_modified_time":"2023-03-07T14:25:13+00:00","og_image":[{"width":1200,"height":675,"url":"https:\/\/ikp.at\/wp-content\/uploads\/2023\/03\/yoast-screen.jpg","type":"image\/jpeg"}],"twitter_card":"summary_large_image","twitter_misc":{"Gesch\u00e4tzte Lesezeit":"1\u00a0Minute"},"schema":{"@context":"https:\/\/schema.org","@graph":[{"@type":"WebPage","@id":"https:\/\/ikp.at\/de\/prspektiven\/","url":"https:\/\/ikp.at\/de\/prspektiven\/","name":"PRspektiven - ikp | PR Agentur \u00d6sterreich: Wien Salzburg Vorarlberg Graz","isPartOf":{"@id":"https:\/\/ikp.at\/de\/#website"},"datePublished":"2022-11-29T08:29:51+00:00","dateModified":"2023-03-07T14:25:13+00:00","breadcrumb":{"@id":"https:\/\/ikp.at\/de\/prspektiven\/#breadcrumb"},"inLanguage":"de","potentialAction":[{"@type":"ReadAction","target":["https:\/\/ikp.at\/de\/prspektiven\/"]}]},{"@type":"BreadcrumbList","@id":"https:\/\/ikp.at\/de\/prspektiven\/#breadcrumb","itemListElement":[{"@type":"ListItem","position":1,"name":"Startseite","item":"https:\/\/ikp.at\/de\/"},{"@type":"ListItem","position":2,"name":"PRspektiven"}]},{"@type":"WebSite","@id":"https:\/\/ikp.at\/de\/#website","url":"https:\/\/ikp.at\/de\/","name":"ikp | PR Agentur \u00d6sterreich: Wien Salzburg Vorarlberg Graz","description":"","publisher":{"@id":"https:\/\/ikp.at\/de\/#organization"},"potentialAction":[{"@type":"SearchAction","target":{"@type":"EntryPoint","urlTemplate":"https:\/\/ikp.at\/de\/?s={search_term_string}"},"query-input":{"@type":"PropertyValueSpecification","valueRequired":true,"valueName":"search_term_string"}}],"inLanguage":"de"},{"@type":"Organization","@id":"https:\/\/ikp.at\/de\/#organization","name":"ikp | PR Agentur \u00d6sterreich: Wien Salzburg Vorarlberg Graz","url":"https:\/\/ikp.at\/de\/","logo":{"@type":"ImageObject","inLanguage":"de","@id":"https:\/\/ikp.at\/de\/#\/schema\/logo\/image\/","url":"https:\/\/ikp.at\/wp-content\/uploads\/2023\/03\/ikp-logo-yoast.jpg","contentUrl":"https:\/\/ikp.at\/wp-content\/uploads\/2023\/03\/ikp-logo-yoast.jpg","width":696,"height":696,"caption":"ikp | PR Agentur \u00d6sterreich: Wien Salzburg Vorarlberg Graz"},"image":{"@id":"https:\/\/ikp.at\/de\/#\/schema\/logo\/image\/"},"sameAs":["https:\/\/www.facebook.com\/ikp.PR","https:\/\/www.linkedin.com\/company\/ikp\/","https:\/\/www.instagram.com\/ikp_pr\/","https:\/\/www.tiktok.com\/@ikp.pr","https:\/\/www.youtube.com\/@ikpPRundLobbying"]}]}},"_links":{"self":[{"href":"https:\/\/ikp.at\/de\/wp-json\/wp\/v2\/pages\/387","targetHints":{"allow":["GET"]}}],"collection":[{"href":"https:\/\/ikp.at\/de\/wp-json\/wp\/v2\/pages"}],"about":[{"href":"https:\/\/ikp.at\/de\/wp-json\/wp\/v2\/types\/page"}],"author":[{"embeddable":true,"href":"https:\/\/ikp.at\/de\/wp-json\/wp\/v2\/users\/2"}],"replies":[{"embeddable":true,"href":"https:\/\/ikp.at\/de\/wp-json\/wp\/v2\/comments?post=387"}],"version-history":[{"count":5,"href":"https:\/\/ikp.at\/de\/wp-json\/wp\/v2\/pages\/387\/revisions"}],"predecessor-version":[{"id":15840,"href":"https:\/\/ikp.at\/de\/wp-json\/wp\/v2\/pages\/387\/revisions\/15840"}],"wp:attachment":[{"href":"https:\/\/ikp.at\/de\/wp-json\/wp\/v2\/media?parent=387"}],"curies":[{"name":"wp","href":"https:\/\/api.w.org\/{rel}","templated":true}]}}