{"id":40,"date":"2022-11-14T11:54:14","date_gmt":"2022-11-14T11:54:14","guid":{"rendered":"https:\/\/ikp.at\/?page_id=40"},"modified":"2025-11-21T12:29:05","modified_gmt":"2025-11-21T12:29:05","slug":"content","status":"publish","type":"page","link":"https:\/\/ikp.at\/de\/leistungen\/content\/","title":{"rendered":"Content"},"content":{"rendered":"<p>[vc_row full_width=&#8220;stretch_row_content_no_spaces&#8220;][vc_column]\n        <div id=\"page-title\" class=\" wpb_animate_when_almost_visible wpb_fadeIn fadeIn\">\n            <div class=\"page-title-inner\">\n                <div class=\"page-title-content\"><h1 class=\"title\"><span>Content<\/span>, <br>der bewegt.<\/h1><\/div>\n                <div class=\"page-title-img-wrapper\"><img decoding=\"async\" class=\"page-title-img wpb_animate_when_almost_visible wpb_fadeInRight fadeInRight\" src=\"https:\/\/ikp.at\/wp-content\/uploads\/2023\/02\/leistung-content-1.jpg\" alt=\"ikp PR Agentur\"><\/div>\n            <\/div>\n        <\/div>[\/vc_column][\/vc_row][vc_row content_placement=&#8220;bottom&#8220; el_class=&#8220;section&#8220;][vc_column][vc_row_inner content_placement=&#8220;bottom&#8220;][vc_column_inner el_class=&#8220;content-box primary light vc_col-md-push-6 vc_col-lg-push-7&#8243; offset=&#8220;vc_col-lg-5 vc_col-md-6&#8243;][vc_column_text css_animation=&#8220;fadeIn&#8220; el_class=&#8220;arrow-list&#8220;]<\/p>\n<ul>\n<li>Themenplanung<\/li>\n<li>Textarbeiten &amp; Redaktion<\/li>\n<li>Studiendesign &amp; Quellenrecherche<\/li>\n<li>Visualisierung &amp; Grafik<\/li>\n<li>Audio &amp; Video<\/li>\n<\/ul>\n<p>[\/vc_column_text][\/vc_column_inner][vc_column_inner el_class=&#8220;vc_col-md-pull-6 vc_col-lg-pull-5&#8243; offset=&#8220;vc_col-md-6&#8243;][vc_column_text css_animation=&#8220;fadeIn&#8220; el_class=&#8220;p-large&#8220;]Guter Content informiert, unterh\u00e4lt, erkl\u00e4rt oder ber\u00fchrt einfach. Das macht ihn relevant und n\u00fctzlich \u2013 f\u00fcr H\u00f6rer*innen, Leser*innen und Seher*innen.[\/vc_column_text][vc_column_text css_animation=&#8220;fadeIn&#8220;]Jede Marke, jedes Produkt, jedes Unternehmen hat seine ganz eigenen Geschichten. Unsere Aufgabe ist es, diese Stories gemeinsam mit unseren Kund*innen zu finden und entsprechend zu erz\u00e4hlen.<br \/>\n[\/vc_column_text][\/vc_column_inner][\/vc_row_inner][\/vc_column][\/vc_row][vc_row content_placement=&#8220;bottom&#8220;][vc_column width=&#8220;1\/2&#8243;][vc_single_image image=&#8220;16743&#8243; img_size=&#8220;500&#215;500&#8243; add_caption=&#8220;yes&#8220; css_animation=&#8220;fadeIn&#8220; css=&#8220;&#8220;][\/vc_column][vc_column width=&#8220;1\/2&#8243;][vc_column_text css=&#8220;&#8220;]Wir sind Ideenbringer und Content-Schmiede zugleich. Wir verpacken Ihre Geschichten, Botschaften und Daten in die am besten passende Form \u2013 Text, Bild, Infografik, Audio oder Video. Wir planen Studien und recherchieren Quellen, um Markttrends zu generieren und Argumente zu entwickeln. Wir erstellen Drehb\u00fccher, begleiten Aufnahmen und finalisieren den Schnitt in Ihrem Sinne.<\/p>\n<p>Mit Kreativit\u00e4t und Leidenschaft setzt unsere agenturinterne Grafik die visuellen W\u00fcnsche unserer Kund*innen um \u2013 unkompliziert und mit viel Erfahrung und Gesp\u00fcr. Unser Angebot reicht von der Logo- und CD-Entwicklung \u00fcber das gesamte Drucksorten-Portfolio von Kundenzeitungen, Imagebrosch\u00fcren, Produktkatalogen, Gesch\u00e4ftsberichten, Inseraten, Plakaten bis hin zu POS-Materialien wie Banner, Fahnen und Roll-ups.[\/vc_column_text][\/vc_column][\/vc_row][vc_row content_placement=&#8220;bottom&#8220;][vc_column][\/vc_column][\/vc_row][vc_row el_id=&#8220;cases&#8220; el_class=&#8220;section section-heading&#8220;][vc_column]<div class=\"cases-carousel \"><div class=\"swiper-wrapper\">\n        <div id=\"post-20003\" class=\"case wpb_animate_when_almost_visible wpb_fadeInRight fadeInRight\">\n            <a href=\"https:\/\/ikp.at\/de\/cases\/cineplexx-redaktionstour-mit-nachito\/\" target=\"_self\">\n                <div class=\"post-image\">\n                    <img loading=\"lazy\" decoding=\"async\" width=\"750\" height=\"1000\" src=\"https:\/\/ikp.at\/wp-content\/uploads\/2025\/11\/ikp_Website_Case_Cineplexx_2-750x1000.jpg\" class=\"attachment-large size-large wp-post-image\" alt=\"Redaktionstour\" srcset=\"https:\/\/ikp.at\/wp-content\/uploads\/2025\/11\/ikp_Website_Case_Cineplexx_2-750x1000.jpg 750w, https:\/\/ikp.at\/wp-content\/uploads\/2025\/11\/ikp_Website_Case_Cineplexx_2-600x800.jpg 600w, https:\/\/ikp.at\/wp-content\/uploads\/2025\/11\/ikp_Website_Case_Cineplexx_2-768x1024.jpg 768w, https:\/\/ikp.at\/wp-content\/uploads\/2025\/11\/ikp_Website_Case_Cineplexx_2-1152x1536.jpg 1152w, https:\/\/ikp.at\/wp-content\/uploads\/2025\/11\/ikp_Website_Case_Cineplexx_2.jpg 1280w\" sizes=\"auto, (max-width: 750px) 100vw, 750px\" \/>\n                                    <\/div>\n                <div class=\"post-content\">\n                    <h3>Cineplexx Redaktionstour mit \u201eNachito\u201c<\/h3>\n                    <div class=\"post-cats\"><span class=\"cat\">Corporate Communications<\/span><\/div>                <\/div>\n            <\/a>\n        <\/div>\n\n        \n        <div id=\"post-19981\" class=\"case wpb_animate_when_almost_visible wpb_fadeInRight fadeInRight\">\n            <a href=\"https:\/\/ikp.at\/de\/cases\/fuer-ein-zahnpastalaecheln-relaunch-der-oezz\/\" target=\"_self\">\n                <div class=\"post-image\">\n                    <img loading=\"lazy\" decoding=\"async\" width=\"1402\" height=\"1000\" src=\"https:\/\/ikp.at\/wp-content\/uploads\/2025\/10\/ikp_Website_Case_OeZZ-1-1402x1000.jpg\" class=\"attachment-large size-large wp-post-image\" alt=\"\" srcset=\"https:\/\/ikp.at\/wp-content\/uploads\/2025\/10\/ikp_Website_Case_OeZZ-1-1402x1000.jpg 1402w, https:\/\/ikp.at\/wp-content\/uploads\/2025\/10\/ikp_Website_Case_OeZZ-1-800x571.jpg 800w, https:\/\/ikp.at\/wp-content\/uploads\/2025\/10\/ikp_Website_Case_OeZZ-1-768x548.jpg 768w, https:\/\/ikp.at\/wp-content\/uploads\/2025\/10\/ikp_Website_Case_OeZZ-1.jpg 1500w\" sizes=\"auto, (max-width: 1402px) 100vw, 1402px\" \/>\n                                    <\/div>\n                <div class=\"post-content\">\n                    <h3>F\u00fcr ein Zahnpastal\u00e4cheln: Relaunch der \u00d6ZZ<\/h3>\n                    <div class=\"post-cats\"><span class=\"cat\">Corporate Publishing<\/span><\/div>                <\/div>\n            <\/a>\n        <\/div>\n\n        \n        <div id=\"post-14939\" class=\"case wpb_animate_when_almost_visible wpb_fadeInRight fadeInRight\">\n            <a href=\"https:\/\/ikp.at\/de\/cases\/ey-pr-fuer-beraterinnen\/\" target=\"_self\">\n                <div class=\"post-image\">\n                    <img loading=\"lazy\" decoding=\"async\" width=\"1006\" height=\"708\" src=\"https:\/\/ikp.at\/wp-content\/uploads\/2023\/02\/Cases_EY_Bild1.jpg\" class=\"attachment-large size-large wp-post-image\" alt=\"EY (vormals Ernst &amp; Young)\" srcset=\"https:\/\/ikp.at\/wp-content\/uploads\/2023\/02\/Cases_EY_Bild1.jpg 1006w, https:\/\/ikp.at\/wp-content\/uploads\/2023\/02\/Cases_EY_Bild1-800x563.jpg 800w, https:\/\/ikp.at\/wp-content\/uploads\/2023\/02\/Cases_EY_Bild1-768x541.jpg 768w\" sizes=\"auto, (max-width: 1006px) 100vw, 1006px\" \/>\n                                    <\/div>\n                <div class=\"post-content\">\n                    <h3>Fakten, Fakten, Fakten: Studien-PR f\u00fcr EY<\/h3>\n                    <div class=\"post-cats\"><span class=\"cat\">Corporate Communications<\/span><\/div>                <\/div>\n            <\/a>\n        <\/div>\n\n        \n        <div id=\"post-16100\" class=\"case wpb_animate_when_almost_visible wpb_fadeInRight fadeInRight\">\n            <a href=\"https:\/\/ikp.at\/de\/cases\/bunter-kommunikationsmix-fuer-den-marktfuehrer-im-garteln\/\" target=\"_self\">\n                <div class=\"post-image\">\n                    <img loading=\"lazy\" decoding=\"async\" width=\"1230\" height=\"820\" src=\"https:\/\/ikp.at\/wp-content\/uploads\/2023\/03\/Gardena_Erdbeer-Workshop-2021-29_web.jpg\" class=\"attachment-large size-large wp-post-image\" alt=\"\" srcset=\"https:\/\/ikp.at\/wp-content\/uploads\/2023\/03\/Gardena_Erdbeer-Workshop-2021-29_web.jpg 1230w, https:\/\/ikp.at\/wp-content\/uploads\/2023\/03\/Gardena_Erdbeer-Workshop-2021-29_web-800x533.jpg 800w, https:\/\/ikp.at\/wp-content\/uploads\/2023\/03\/Gardena_Erdbeer-Workshop-2021-29_web-768x512.jpg 768w\" sizes=\"auto, (max-width: 1230px) 100vw, 1230px\" \/>\n                                    <\/div>\n                <div class=\"post-content\">\n                    <h3>Bunter Kommunikationsmix f\u00fcr den Marktf\u00fchrer im \u201eGarteln\u201c<\/h3>\n                    <div class=\"post-cats\"><span class=\"cat\">Corporate Communications<\/span><\/div>                <\/div>\n            <\/a>\n        <\/div>\n\n        \n        <div id=\"post-19052\" class=\"case wpb_animate_when_almost_visible wpb_fadeInRight fadeInRight\">\n            <a href=\"https:\/\/ikp.at\/de\/cases\/fressnapf\/\" target=\"_self\">\n                <div class=\"post-image\">\n                    <img loading=\"lazy\" decoding=\"async\" width=\"1500\" height=\"1000\" src=\"https:\/\/ikp.at\/wp-content\/uploads\/2024\/10\/TEA-1500x1000.jpg\" class=\"attachment-large size-large wp-post-image\" alt=\"\" srcset=\"https:\/\/ikp.at\/wp-content\/uploads\/2024\/10\/TEA-1500x1000.jpg 1500w, https:\/\/ikp.at\/wp-content\/uploads\/2024\/10\/TEA-800x533.jpg 800w, https:\/\/ikp.at\/wp-content\/uploads\/2024\/10\/TEA-768x512.jpg 768w, https:\/\/ikp.at\/wp-content\/uploads\/2024\/10\/TEA-1536x1024.jpg 1536w, https:\/\/ikp.at\/wp-content\/uploads\/2024\/10\/TEA-2048x1365.jpg 2048w\" sizes=\"auto, (max-width: 1500px) 100vw, 1500px\" \/>\n                                    <\/div>\n                <div class=\"post-content\">\n                    <h3>Fressnapf \u00d6sterreich: \u201eTierisch engagiert\u201c-Award<\/h3>\n                    <div class=\"post-cats\"><span class=\"cat\">Corporate Communications<\/span><\/div>                <\/div>\n            <\/a>\n        <\/div>\n\n        <\/div><div class=\"swiper-button-next\"><\/div><\/div>[\/vc_column][\/vc_row][vc_row equal_height=&#8220;yes&#8220; el_class=&#8220;section pt0&#8243;][vc_column width=&#8220;1\/2&#8243;]\n        <div class=\"cta-box button-link align-left btn-bottom light-gray-box   wpb_animate_when_almost_visible wpb_fadeIn fadeIn\">\n            <div class=\"cta-box-inner\"><div class=\"cta-box-content\"><p class=\"like-h3\">Das sind wir<\/p><p>PR-Erfolg f\u00fcr unsere Kund*innen in ganz \u00d6sterreich und dar\u00fcber hinaus. Out-of-the-box-Denken gepaart mit Professionalit\u00e4t bringt bei ikp den PR- Erfolg.<\/p>\n<\/div><a class=\"text-link arrow\" href=\"\/agentur\/\" target=\"\">Mehr \u00fcber uns<i class=\"icon arrow-right\"><\/i><\/a><\/div>\n        <\/div>[\/vc_column][vc_column width=&#8220;1\/2&#8243;]\n        <div class=\"cta-box button-link align-left btn-bottom light-gray-box   wpb_animate_when_almost_visible wpb_fadeIn fadeIn\">\n            <div class=\"cta-box-inner\"><div class=\"cta-box-content\"><p class=\"like-h3\">Unsere Leistungen<\/p><p>Mit Know-how, Kreativit\u00e4t und Begeisterung unterst\u00fctzen wir unsere Kund*innen seit mehr als 30 Jahren mit strategischer Kommunikation.<\/p>\n<\/div><a class=\"text-link arrow\" href=\"\/leistungen\/\" target=\"\">Zu den Leistungen<i class=\"icon arrow-right\"><\/i><\/a><\/div>\n        <\/div>[\/vc_column][\/vc_row]<\/p>\n","protected":false},"excerpt":{"rendered":"<p>[vc_row full_width=&#8220;stretch_row_content_no_spaces&#8220;][vc_column][\/vc_column][\/vc_row][vc_row content_placement=&#8220;bottom&#8220; el_class=&#8220;section&#8220;][vc_column][vc_row_inner content_placement=&#8220;bottom&#8220;][vc_column_inner el_class=&#8220;content-box primary light vc_col-md-push-6 vc_col-lg-push-7&#8243; offset=&#8220;vc_col-lg-5 vc_col-md-6&#8243;][vc_column_text css_animation=&#8220;fadeIn&#8220; el_class=&#8220;arrow-list&#8220;] Themenplanung Textarbeiten &amp; Redaktion Studiendesign &amp; Quellenrecherche Visualisierung &amp; Grafik Audio &amp; Video [\/vc_column_text][\/vc_column_inner][vc_column_inner el_class=&#8220;vc_col-md-pull-6 vc_col-lg-pull-5&#8243; offset=&#8220;vc_col-md-6&#8243;][vc_column_text css_animation=&#8220;fadeIn&#8220; el_class=&#8220;p-large&#8220;]Guter Content informiert, unterh\u00e4lt, erkl\u00e4rt oder ber\u00fchrt einfach. Das macht ihn relevant und n\u00fctzlich \u2013 f\u00fcr H\u00f6rer*innen, Leser*innen und Seher*innen.[\/vc_column_text][vc_column_text css_animation=&#8220;fadeIn&#8220;]Jede Marke, jedes Produkt, jedes Unternehmen hat seine ganz eigenen Geschichten. Unsere Aufgabe ist es, diese Stories gemeinsam mit unseren Kund*innen zu finden und entsprechend zu erz\u00e4hlen. [\/vc_column_text][\/vc_column_inner][\/vc_row_inner][\/vc_column][\/vc_row][vc_row content_placement=&#8220;bottom&#8220;][vc_column width=&#8220;1\/2&#8243;][vc_single_image image=&#8220;16743&#8243; img_size=&#8220;500&#215;500&#8243; add_caption=&#8220;yes&#8220; css_animation=&#8220;fadeIn&#8220; css=&#8220;&#8220;][\/vc_column][vc_column width=&#8220;1\/2&#8243;][vc_column_text css=&#8220;&#8220;]Wir sind Ideenbringer und Content-Schmiede zugleich. Wir verpacken Ihre Geschichten, Botschaften und&#8230;<\/p>\n","protected":false},"author":2,"featured_media":14856,"parent":12,"menu_order":0,"comment_status":"closed","ping_status":"closed","template":"","meta":{"_acf_changed":false,"footnotes":""},"class_list":["post-40","page","type-page","status-publish","has-post-thumbnail","hentry"],"acf":[],"yoast_head":"<!-- This site is optimized with the Yoast SEO plugin v27.2 - https:\/\/yoast.com\/product\/yoast-seo-wordpress\/ -->\n<title>ikp | PR Agentur: Content, der bewegt.<\/title>\n<meta name=\"description\" content=\"Jede Marke, jedes Produkt, jedes Unternehmen hat seine ganz eigenen Geschichten. Unsere Aufgabe ist es, diese Stories zu finden und zu erz\u00e4hlen.\" \/>\n<meta name=\"robots\" content=\"index, follow, max-snippet:-1, max-image-preview:large, max-video-preview:-1\" \/>\n<link rel=\"canonical\" href=\"https:\/\/ikp.at\/de\/leistungen\/content\/\" \/>\n<meta property=\"og:locale\" content=\"de_DE\" \/>\n<meta property=\"og:type\" content=\"article\" \/>\n<meta property=\"og:title\" content=\"ikp | PR Agentur: Content, der bewegt.\" \/>\n<meta property=\"og:description\" content=\"Jede Marke, jedes Produkt, jedes Unternehmen hat seine ganz eigenen Geschichten. Unsere Aufgabe ist es, diese Stories zu finden und zu erz\u00e4hlen.\" \/>\n<meta property=\"og:url\" content=\"https:\/\/ikp.at\/de\/leistungen\/content\/\" \/>\n<meta property=\"og:site_name\" content=\"ikp | PR Agentur \u00d6sterreich: Wien Salzburg Vorarlberg Graz\" \/>\n<meta property=\"article:publisher\" content=\"https:\/\/www.facebook.com\/ikp.PR\" \/>\n<meta property=\"article:modified_time\" content=\"2025-11-21T12:29:05+00:00\" \/>\n<meta property=\"og:image\" content=\"https:\/\/ikp.at\/wp-content\/uploads\/2023\/02\/nav-content.jpg\" \/>\n\t<meta property=\"og:image:width\" content=\"500\" \/>\n\t<meta property=\"og:image:height\" content=\"640\" \/>\n\t<meta property=\"og:image:type\" content=\"image\/jpeg\" \/>\n<meta name=\"twitter:card\" content=\"summary_large_image\" \/>\n<meta name=\"twitter:label1\" content=\"Gesch\u00e4tzte Lesezeit\" \/>\n\t<meta name=\"twitter:data1\" content=\"3\u00a0Minuten\" \/>\n<script type=\"application\/ld+json\" class=\"yoast-schema-graph\">{\"@context\":\"https:\/\/schema.org\",\"@graph\":[{\"@type\":\"WebPage\",\"@id\":\"https:\/\/ikp.at\/de\/leistungen\/content\/\",\"url\":\"https:\/\/ikp.at\/de\/leistungen\/content\/\",\"name\":\"ikp | PR Agentur: Content, der bewegt.\",\"isPartOf\":{\"@id\":\"https:\/\/ikp.at\/de\/#website\"},\"primaryImageOfPage\":{\"@id\":\"https:\/\/ikp.at\/de\/leistungen\/content\/#primaryimage\"},\"image\":{\"@id\":\"https:\/\/ikp.at\/de\/leistungen\/content\/#primaryimage\"},\"thumbnailUrl\":\"https:\/\/ikp.at\/wp-content\/uploads\/2023\/02\/nav-content.jpg\",\"datePublished\":\"2022-11-14T11:54:14+00:00\",\"dateModified\":\"2025-11-21T12:29:05+00:00\",\"description\":\"Jede Marke, jedes Produkt, jedes Unternehmen hat seine ganz eigenen Geschichten. Unsere Aufgabe ist es, diese Stories zu finden und zu erz\u00e4hlen.\",\"breadcrumb\":{\"@id\":\"https:\/\/ikp.at\/de\/leistungen\/content\/#breadcrumb\"},\"inLanguage\":\"de\",\"potentialAction\":[{\"@type\":\"ReadAction\",\"target\":[\"https:\/\/ikp.at\/de\/leistungen\/content\/\"]}]},{\"@type\":\"ImageObject\",\"inLanguage\":\"de\",\"@id\":\"https:\/\/ikp.at\/de\/leistungen\/content\/#primaryimage\",\"url\":\"https:\/\/ikp.at\/wp-content\/uploads\/2023\/02\/nav-content.jpg\",\"contentUrl\":\"https:\/\/ikp.at\/wp-content\/uploads\/2023\/02\/nav-content.jpg\",\"width\":500,\"height\":640,\"caption\":\"Content\"},{\"@type\":\"BreadcrumbList\",\"@id\":\"https:\/\/ikp.at\/de\/leistungen\/content\/#breadcrumb\",\"itemListElement\":[{\"@type\":\"ListItem\",\"position\":1,\"name\":\"Startseite\",\"item\":\"https:\/\/ikp.at\/de\/\"},{\"@type\":\"ListItem\",\"position\":2,\"name\":\"Leistungen\",\"item\":\"https:\/\/ikp.at\/de\/leistungen\/\"},{\"@type\":\"ListItem\",\"position\":3,\"name\":\"Content\"}]},{\"@type\":\"WebSite\",\"@id\":\"https:\/\/ikp.at\/de\/#website\",\"url\":\"https:\/\/ikp.at\/de\/\",\"name\":\"ikp | PR Agentur \u00d6sterreich: Wien Salzburg Vorarlberg Graz\",\"description\":\"\",\"publisher\":{\"@id\":\"https:\/\/ikp.at\/de\/#organization\"},\"potentialAction\":[{\"@type\":\"SearchAction\",\"target\":{\"@type\":\"EntryPoint\",\"urlTemplate\":\"https:\/\/ikp.at\/de\/?s={search_term_string}\"},\"query-input\":{\"@type\":\"PropertyValueSpecification\",\"valueRequired\":true,\"valueName\":\"search_term_string\"}}],\"inLanguage\":\"de\"},{\"@type\":\"Organization\",\"@id\":\"https:\/\/ikp.at\/de\/#organization\",\"name\":\"ikp | PR Agentur \u00d6sterreich: Wien Salzburg Vorarlberg Graz\",\"url\":\"https:\/\/ikp.at\/de\/\",\"logo\":{\"@type\":\"ImageObject\",\"inLanguage\":\"de\",\"@id\":\"https:\/\/ikp.at\/de\/#\/schema\/logo\/image\/\",\"url\":\"https:\/\/ikp.at\/wp-content\/uploads\/2023\/03\/ikp-logo-yoast.jpg\",\"contentUrl\":\"https:\/\/ikp.at\/wp-content\/uploads\/2023\/03\/ikp-logo-yoast.jpg\",\"width\":696,\"height\":696,\"caption\":\"ikp | PR Agentur \u00d6sterreich: Wien Salzburg Vorarlberg Graz\"},\"image\":{\"@id\":\"https:\/\/ikp.at\/de\/#\/schema\/logo\/image\/\"},\"sameAs\":[\"https:\/\/www.facebook.com\/ikp.PR\",\"https:\/\/www.linkedin.com\/company\/ikp\/\",\"https:\/\/www.instagram.com\/ikp_pr\/\",\"https:\/\/www.tiktok.com\/@ikp.pr\",\"https:\/\/www.youtube.com\/@ikpPRundLobbying\"]}]}<\/script>\n<!-- \/ Yoast SEO plugin. -->","yoast_head_json":{"title":"ikp | PR Agentur: Content, der bewegt.","description":"Jede Marke, jedes Produkt, jedes Unternehmen hat seine ganz eigenen Geschichten. Unsere Aufgabe ist es, diese Stories zu finden und zu erz\u00e4hlen.","robots":{"index":"index","follow":"follow","max-snippet":"max-snippet:-1","max-image-preview":"max-image-preview:large","max-video-preview":"max-video-preview:-1"},"canonical":"https:\/\/ikp.at\/de\/leistungen\/content\/","og_locale":"de_DE","og_type":"article","og_title":"ikp | PR Agentur: Content, der bewegt.","og_description":"Jede Marke, jedes Produkt, jedes Unternehmen hat seine ganz eigenen Geschichten. Unsere Aufgabe ist es, diese Stories zu finden und zu erz\u00e4hlen.","og_url":"https:\/\/ikp.at\/de\/leistungen\/content\/","og_site_name":"ikp | PR Agentur \u00d6sterreich: Wien Salzburg Vorarlberg Graz","article_publisher":"https:\/\/www.facebook.com\/ikp.PR","article_modified_time":"2025-11-21T12:29:05+00:00","og_image":[{"width":500,"height":640,"url":"https:\/\/ikp.at\/wp-content\/uploads\/2023\/02\/nav-content.jpg","type":"image\/jpeg"}],"twitter_card":"summary_large_image","twitter_misc":{"Gesch\u00e4tzte Lesezeit":"3\u00a0Minuten"},"schema":{"@context":"https:\/\/schema.org","@graph":[{"@type":"WebPage","@id":"https:\/\/ikp.at\/de\/leistungen\/content\/","url":"https:\/\/ikp.at\/de\/leistungen\/content\/","name":"ikp | PR Agentur: Content, der bewegt.","isPartOf":{"@id":"https:\/\/ikp.at\/de\/#website"},"primaryImageOfPage":{"@id":"https:\/\/ikp.at\/de\/leistungen\/content\/#primaryimage"},"image":{"@id":"https:\/\/ikp.at\/de\/leistungen\/content\/#primaryimage"},"thumbnailUrl":"https:\/\/ikp.at\/wp-content\/uploads\/2023\/02\/nav-content.jpg","datePublished":"2022-11-14T11:54:14+00:00","dateModified":"2025-11-21T12:29:05+00:00","description":"Jede Marke, jedes Produkt, jedes Unternehmen hat seine ganz eigenen Geschichten. Unsere Aufgabe ist es, diese Stories zu finden und zu erz\u00e4hlen.","breadcrumb":{"@id":"https:\/\/ikp.at\/de\/leistungen\/content\/#breadcrumb"},"inLanguage":"de","potentialAction":[{"@type":"ReadAction","target":["https:\/\/ikp.at\/de\/leistungen\/content\/"]}]},{"@type":"ImageObject","inLanguage":"de","@id":"https:\/\/ikp.at\/de\/leistungen\/content\/#primaryimage","url":"https:\/\/ikp.at\/wp-content\/uploads\/2023\/02\/nav-content.jpg","contentUrl":"https:\/\/ikp.at\/wp-content\/uploads\/2023\/02\/nav-content.jpg","width":500,"height":640,"caption":"Content"},{"@type":"BreadcrumbList","@id":"https:\/\/ikp.at\/de\/leistungen\/content\/#breadcrumb","itemListElement":[{"@type":"ListItem","position":1,"name":"Startseite","item":"https:\/\/ikp.at\/de\/"},{"@type":"ListItem","position":2,"name":"Leistungen","item":"https:\/\/ikp.at\/de\/leistungen\/"},{"@type":"ListItem","position":3,"name":"Content"}]},{"@type":"WebSite","@id":"https:\/\/ikp.at\/de\/#website","url":"https:\/\/ikp.at\/de\/","name":"ikp | PR Agentur \u00d6sterreich: Wien Salzburg Vorarlberg Graz","description":"","publisher":{"@id":"https:\/\/ikp.at\/de\/#organization"},"potentialAction":[{"@type":"SearchAction","target":{"@type":"EntryPoint","urlTemplate":"https:\/\/ikp.at\/de\/?s={search_term_string}"},"query-input":{"@type":"PropertyValueSpecification","valueRequired":true,"valueName":"search_term_string"}}],"inLanguage":"de"},{"@type":"Organization","@id":"https:\/\/ikp.at\/de\/#organization","name":"ikp | PR Agentur \u00d6sterreich: Wien Salzburg Vorarlberg Graz","url":"https:\/\/ikp.at\/de\/","logo":{"@type":"ImageObject","inLanguage":"de","@id":"https:\/\/ikp.at\/de\/#\/schema\/logo\/image\/","url":"https:\/\/ikp.at\/wp-content\/uploads\/2023\/03\/ikp-logo-yoast.jpg","contentUrl":"https:\/\/ikp.at\/wp-content\/uploads\/2023\/03\/ikp-logo-yoast.jpg","width":696,"height":696,"caption":"ikp | PR Agentur \u00d6sterreich: Wien Salzburg Vorarlberg Graz"},"image":{"@id":"https:\/\/ikp.at\/de\/#\/schema\/logo\/image\/"},"sameAs":["https:\/\/www.facebook.com\/ikp.PR","https:\/\/www.linkedin.com\/company\/ikp\/","https:\/\/www.instagram.com\/ikp_pr\/","https:\/\/www.tiktok.com\/@ikp.pr","https:\/\/www.youtube.com\/@ikpPRundLobbying"]}]}},"_links":{"self":[{"href":"https:\/\/ikp.at\/de\/wp-json\/wp\/v2\/pages\/40","targetHints":{"allow":["GET"]}}],"collection":[{"href":"https:\/\/ikp.at\/de\/wp-json\/wp\/v2\/pages"}],"about":[{"href":"https:\/\/ikp.at\/de\/wp-json\/wp\/v2\/types\/page"}],"author":[{"embeddable":true,"href":"https:\/\/ikp.at\/de\/wp-json\/wp\/v2\/users\/2"}],"replies":[{"embeddable":true,"href":"https:\/\/ikp.at\/de\/wp-json\/wp\/v2\/comments?post=40"}],"version-history":[{"count":18,"href":"https:\/\/ikp.at\/de\/wp-json\/wp\/v2\/pages\/40\/revisions"}],"predecessor-version":[{"id":20221,"href":"https:\/\/ikp.at\/de\/wp-json\/wp\/v2\/pages\/40\/revisions\/20221"}],"up":[{"embeddable":true,"href":"https:\/\/ikp.at\/de\/wp-json\/wp\/v2\/pages\/12"}],"wp:featuredmedia":[{"embeddable":true,"href":"https:\/\/ikp.at\/de\/wp-json\/wp\/v2\/media\/14856"}],"wp:attachment":[{"href":"https:\/\/ikp.at\/de\/wp-json\/wp\/v2\/media?parent=40"}],"curies":[{"name":"wp","href":"https:\/\/api.w.org\/{rel}","templated":true}]}}