{"id":42,"date":"2022-11-14T11:54:26","date_gmt":"2022-11-14T11:54:26","guid":{"rendered":"https:\/\/ikp.at\/?page_id=42"},"modified":"2025-12-16T12:37:22","modified_gmt":"2025-12-16T12:37:22","slug":"kanaele","status":"publish","type":"page","link":"https:\/\/ikp.at\/de\/leistungen\/kanaele\/","title":{"rendered":"Kan\u00e4le"},"content":{"rendered":"<p>[vc_row full_width=&#8220;stretch_row_content_no_spaces&#8220;][vc_column]\n        <div id=\"page-title\" class=\" wpb_animate_when_almost_visible wpb_fadeIn fadeIn\">\n            <div class=\"page-title-inner\">\n                <div class=\"page-title-content\"><h1 class=\"title\"><span>Kan\u00e4le<\/span>, <br>die verbinden.<\/h1><\/div>\n                <div class=\"page-title-img-wrapper\"><img decoding=\"async\" class=\"page-title-img wpb_animate_when_almost_visible wpb_fadeInRight fadeInRight\" src=\"https:\/\/ikp.at\/wp-content\/uploads\/2023\/05\/034_20230328_web.jpg\" alt=\"\"><\/div>\n            <\/div>\n        <\/div>[\/vc_column][\/vc_row][vc_row content_placement=&#8220;bottom&#8220; el_class=&#8220;section&#8220;][vc_column][vc_row_inner content_placement=&#8220;bottom&#8220;][vc_column_inner el_class=&#8220;content-box primary light vc_col-md-push-6 vc_col-lg-push-7&#8243; offset=&#8220;vc_col-lg-5 vc_col-md-6&#8243;][vc_column_text css_animation=&#8220;fadeIn&#8220; el_class=&#8220;arrow-list&#8220;]<\/p>\n<ul>\n<li>Media Relations<\/li>\n<li>Social Media Community Management &amp; Campaining<\/li>\n<li>Influencer Relations<\/li>\n<li>Corporate Publishing Print &amp; Digital (von der Website bis zum Mitarbeitermagazin)<\/li>\n<\/ul>\n<p>[\/vc_column_text][\/vc_column_inner][vc_column_inner el_class=&#8220;vc_col-md-pull-6 vc_col-lg-pull-5&#8243; offset=&#8220;vc_col-md-6&#8243;][vc_column_text css_animation=&#8220;fadeIn&#8220; el_class=&#8220;p-large&#8220;]Die Vielfalt der Kommunikationskan\u00e4le ist heute so gro\u00df wie nie zuvor. Wer sie erfolgreich bespielen m\u00f6chte, muss die Spielregeln der verschiedenen Kan\u00e4le kennen.[\/vc_column_text][vc_column_text css_animation=&#8220;fadeIn&#8220;]<\/p>\n<p class=\"p1\">Medienarbeit ist Beziehungsarbeit. Wir haben uns in \u00fcber 30 Jahren ein hohes Ma\u00df an Vertrauen und Glaubw\u00fcrdigkeit bei den Redaktionen erarbeitet. So \u00fcbernehmen wir f\u00fcr Sie Medienanfragen, organisieren und begleiten Medientermine oder Pressekonferenzen, erstellen Presseunterlagen und k\u00fcmmern uns um den Versand von Presseaussendungen.<\/p>\n<p>[\/vc_column_text][\/vc_column_inner][\/vc_row_inner][\/vc_column][\/vc_row][vc_row content_placement=&#8220;bottom&#8220;][vc_column][vc_row_inner content_placement=&#8220;middle&#8220;][vc_column_inner width=&#8220;1\/2&#8243;][vc_single_image image=&#8220;813&#8243; img_size=&#8220;600&#215;600&#8243; css_animation=&#8220;fadeInLeft&#8220; el_class=&#8220;mb50&#8243;][\/vc_column_inner][vc_column_inner width=&#8220;1\/2&#8243; offset=&#8220;vc_col-md-offset-1 vc_col-md-5&#8243;][vc_column_text css_animation=&#8220;fadeIn&#8220; css=&#8220;&#8220;]<\/p>\n<p class=\"p1\">Unsere Social Media-Expert*innen erarbeiten kreative und zielgruppenorientierte Social- Media-\u200bKonzepte inklusive Redaktionsplan und \u200bGuidelines. Gerne \u00fcbernehmen wir das Content- und Kampagnenmanagement, begleiten \u200bProduktionstage oder f\u00fchren Workshops durch. Dar\u00fcber hinaus kooperieren wir eng mit Blogger*innen und Influencer*innen aus unterschiedlichsten Branchen und Produktbereichen.<\/p>\n<p>Die Kraft der eigenen Kan\u00e4le wird oft untersch\u00e4tzt. Wir helfen dabei, das Optimum herauszuholen. Wir gestalten Web- &amp; Social Media-Auftritte, Kundenmagazine, Brosch\u00fcren, Gesch\u00e4fts-\u200b, Nachhaltigkeits-\u200b oder Umweltberichte \u2013 zum Angreifen oder digital. Sie k\u00f6nnen damit den Vertrieb unterst\u00fctzen, \u00fcber komplexe Sachverhalte informieren und eine eigene Erlebniswelt rund um Ihre Produkte aufbauen.[\/vc_column_text][\/vc_column_inner][\/vc_row_inner][\/vc_column][\/vc_row][vc_row content_placement=&#8220;bottom&#8220;][vc_column][vc_row_inner content_placement=&#8220;middle&#8220;][vc_column_inner width=&#8220;1\/2&#8243; offset=&#8220;vc_col-md-offset-1 vc_col-md-5&#8243;][\/vc_column_inner][\/vc_row_inner][\/vc_column][\/vc_row][vc_row el_id=&#8220;cases&#8220; el_class=&#8220;section section-heading&#8220;][vc_column]<div class=\"cases-carousel \"><div class=\"swiper-wrapper\">\n        <div id=\"post-20011\" class=\"case wpb_animate_when_almost_visible wpb_fadeInRight fadeInRight\">\n            <a href=\"https:\/\/ikp.at\/de\/cases\/social-und-influencer-buzz-fuer-frosta\/\" target=\"_self\">\n                <div class=\"post-image\">\n                    <img loading=\"lazy\" decoding=\"async\" width=\"1333\" height=\"1000\" src=\"https:\/\/ikp.at\/wp-content\/uploads\/2025\/11\/FRO_Foto-1_Zusatzstoffe-Workshop_Christian-Szuchy_Felix-Ahlers_Christian-Neimeyer_C-Noah-Petek-1333x1000.jpg\" class=\"attachment-large size-large wp-post-image\" alt=\"\" srcset=\"https:\/\/ikp.at\/wp-content\/uploads\/2025\/11\/FRO_Foto-1_Zusatzstoffe-Workshop_Christian-Szuchy_Felix-Ahlers_Christian-Neimeyer_C-Noah-Petek-1333x1000.jpg 1333w, https:\/\/ikp.at\/wp-content\/uploads\/2025\/11\/FRO_Foto-1_Zusatzstoffe-Workshop_Christian-Szuchy_Felix-Ahlers_Christian-Neimeyer_C-Noah-Petek-800x600.jpg 800w, https:\/\/ikp.at\/wp-content\/uploads\/2025\/11\/FRO_Foto-1_Zusatzstoffe-Workshop_Christian-Szuchy_Felix-Ahlers_Christian-Neimeyer_C-Noah-Petek-768x576.jpg 768w, https:\/\/ikp.at\/wp-content\/uploads\/2025\/11\/FRO_Foto-1_Zusatzstoffe-Workshop_Christian-Szuchy_Felix-Ahlers_Christian-Neimeyer_C-Noah-Petek.jpg 1500w\" sizes=\"auto, (max-width: 1333px) 100vw, 1333px\" \/>\n                                            <span class=\"post-play-badge\">\n                            <img decoding=\"async\" src=\"https:\/\/ikp.at\/wp-content\/themes\/dp-core\/img\/icons\/icon_play.png\" alt=\"Play Button\">\n                        <\/span>\n                                    <\/div>\n                <div class=\"post-content\">\n                    <h3>Social und Influencer Buzz f\u00fcr FRoSTA<\/h3>\n                    <div class=\"post-cats\"><span class=\"cat\">Corporate Communications<\/span><\/div>                <\/div>\n            <\/a>\n        <\/div>\n\n        \n        <div id=\"post-20048\" class=\"case wpb_animate_when_almost_visible wpb_fadeInRight fadeInRight\">\n            <a href=\"https:\/\/ikp.at\/de\/cases\/social-und-influencer-buzz-fuer-die-fh-joanneum\/\" target=\"_self\">\n                <div class=\"post-image\">\n                    <img loading=\"lazy\" decoding=\"async\" width=\"824\" height=\"659\" src=\"https:\/\/ikp.at\/wp-content\/uploads\/2025\/04\/fgd_querformat_4zu5_kopf-1.png\" class=\"attachment-large size-large wp-post-image\" alt=\"Influencer Relations\" srcset=\"https:\/\/ikp.at\/wp-content\/uploads\/2025\/04\/fgd_querformat_4zu5_kopf-1.png 824w, https:\/\/ikp.at\/wp-content\/uploads\/2025\/04\/fgd_querformat_4zu5_kopf-1-800x640.png 800w, https:\/\/ikp.at\/wp-content\/uploads\/2025\/04\/fgd_querformat_4zu5_kopf-1-768x614.png 768w\" sizes=\"auto, (max-width: 824px) 100vw, 824px\" \/>\n                                            <span class=\"post-play-badge\">\n                            <img decoding=\"async\" src=\"https:\/\/ikp.at\/wp-content\/themes\/dp-core\/img\/icons\/icon_play.png\" alt=\"Play Button\">\n                        <\/span>\n                                    <\/div>\n                <div class=\"post-content\">\n                    <h3>Social und Influencer Buzz f\u00fcr die FH JOANNEUM<\/h3>\n                    <div class=\"post-cats\"><span class=\"cat\">Digital PR<\/span><\/div>                <\/div>\n            <\/a>\n        <\/div>\n\n        \n        <div id=\"post-20095\" class=\"case wpb_animate_when_almost_visible wpb_fadeInRight fadeInRight\">\n            <a href=\"https:\/\/ikp.at\/de\/cases\/buehne-frei-fuer-inklusive-mode-am-diversity-ball\/\" target=\"_self\">\n                <div class=\"post-image\">\n                    <img loading=\"lazy\" decoding=\"async\" width=\"1500\" height=\"1000\" src=\"https:\/\/ikp.at\/wp-content\/uploads\/2025\/11\/prim_PA_Diversity-Ball_Presse-6-1500x1000.jpg\" class=\"attachment-large size-large wp-post-image\" alt=\"\" srcset=\"https:\/\/ikp.at\/wp-content\/uploads\/2025\/11\/prim_PA_Diversity-Ball_Presse-6-1500x1000.jpg 1500w, https:\/\/ikp.at\/wp-content\/uploads\/2025\/11\/prim_PA_Diversity-Ball_Presse-6-800x533.jpg 800w, https:\/\/ikp.at\/wp-content\/uploads\/2025\/11\/prim_PA_Diversity-Ball_Presse-6-768x512.jpg 768w, https:\/\/ikp.at\/wp-content\/uploads\/2025\/11\/prim_PA_Diversity-Ball_Presse-6-1536x1024.jpg 1536w, https:\/\/ikp.at\/wp-content\/uploads\/2025\/11\/prim_PA_Diversity-Ball_Presse-6.jpg 1717w\" sizes=\"auto, (max-width: 1500px) 100vw, 1500px\" \/>\n                                    <\/div>\n                <div class=\"post-content\">\n                    <h3>B\u00fchne frei f\u00fcr inklusive Mode am Diversity Ball<\/h3>\n                    <div class=\"post-cats\"><span class=\"cat\">Brand PR<\/span><\/div>                <\/div>\n            <\/a>\n        <\/div>\n\n        \n        <div id=\"post-925\" class=\"case wpb_animate_when_almost_visible wpb_fadeInRight fadeInRight\">\n            <a href=\"https:\/\/ikp.at\/de\/cases\/meintraumtag\/\" target=\"_self\">\n                <div class=\"post-image\">\n                    <img loading=\"lazy\" decoding=\"async\" width=\"750\" height=\"1000\" src=\"https:\/\/ikp.at\/wp-content\/uploads\/2022\/12\/meintraumtag_1-750x1000.jpg\" class=\"attachment-large size-large wp-post-image\" alt=\"#meintraumtag\" srcset=\"https:\/\/ikp.at\/wp-content\/uploads\/2022\/12\/meintraumtag_1-750x1000.jpg 750w, https:\/\/ikp.at\/wp-content\/uploads\/2022\/12\/meintraumtag_1-600x800.jpg 600w, https:\/\/ikp.at\/wp-content\/uploads\/2022\/12\/meintraumtag_1-768x1024.jpg 768w, https:\/\/ikp.at\/wp-content\/uploads\/2022\/12\/meintraumtag_1.jpg 900w\" sizes=\"auto, (max-width: 750px) 100vw, 750px\" \/>\n                                    <\/div>\n                <div class=\"post-content\">\n                    <h3>Social-Media-Kampagne #meintraumtag<\/h3>\n                    <div class=\"post-cats\"><span class=\"cat\">Brand PR<\/span><span class=\"cat\">Digital PR<\/span><\/div>                <\/div>\n            <\/a>\n        <\/div>\n\n        \n        <div id=\"post-14622\" class=\"case wpb_animate_when_almost_visible wpb_fadeInRight fadeInRight\">\n            <a href=\"https:\/\/ikp.at\/de\/cases\/salesforce-live-wien\/\" target=\"_self\">\n                <div class=\"post-image\">\n                    <img loading=\"lazy\" decoding=\"async\" width=\"1500\" height=\"1000\" src=\"https:\/\/ikp.at\/wp-content\/uploads\/2023\/02\/ikp_Relaunch-Website_Case_Salesforce_Bild-1-1500x1000.jpg\" class=\"attachment-large size-large wp-post-image\" alt=\"Salesforce Live Wien\" srcset=\"https:\/\/ikp.at\/wp-content\/uploads\/2023\/02\/ikp_Relaunch-Website_Case_Salesforce_Bild-1-1500x1000.jpg 1500w, https:\/\/ikp.at\/wp-content\/uploads\/2023\/02\/ikp_Relaunch-Website_Case_Salesforce_Bild-1-800x533.jpg 800w, https:\/\/ikp.at\/wp-content\/uploads\/2023\/02\/ikp_Relaunch-Website_Case_Salesforce_Bild-1-768x512.jpg 768w, https:\/\/ikp.at\/wp-content\/uploads\/2023\/02\/ikp_Relaunch-Website_Case_Salesforce_Bild-1-1536x1024.jpg 1536w, https:\/\/ikp.at\/wp-content\/uploads\/2023\/02\/ikp_Relaunch-Website_Case_Salesforce_Bild-1-2048x1365.jpg 2048w\" sizes=\"auto, (max-width: 1500px) 100vw, 1500px\" \/>\n                                    <\/div>\n                <div class=\"post-content\">\n                    <h3>Premiere der Salesforce Live in Wien<\/h3>\n                    <div class=\"post-cats\"><span class=\"cat\">Stakeholderkommunikation<\/span><\/div>                <\/div>\n            <\/a>\n        <\/div>\n\n        <\/div><div class=\"swiper-button-next\"><\/div><\/div>[\/vc_column][\/vc_row][vc_row equal_height=&#8220;yes&#8220; el_class=&#8220;section pt0&#8243;][vc_column width=&#8220;1\/2&#8243;]\n        <div class=\"cta-box button-link align-left btn-bottom light-gray-box   wpb_animate_when_almost_visible wpb_fadeIn fadeIn\">\n            <div class=\"cta-box-inner\"><div class=\"cta-box-content\"><p class=\"like-h3\">Das sind wir<\/p><p>PR-Erfolg f\u00fcr unsere Kund*innen in ganz \u00d6sterreich und dar\u00fcber hinaus. Out-of-the-box-Denken gepaart mit Professionalit\u00e4t bringt bei ikp den PR- Erfolg.<\/p>\n<\/div><a class=\"text-link arrow\" href=\"\/agentur\/\" target=\"\">Mehr \u00fcber uns<i class=\"icon arrow-right\"><\/i><\/a><\/div>\n        <\/div>[\/vc_column][vc_column width=&#8220;1\/2&#8243;]\n        <div class=\"cta-box button-link align-left btn-bottom light-gray-box   wpb_animate_when_almost_visible wpb_fadeIn fadeIn\">\n            <div class=\"cta-box-inner\"><div class=\"cta-box-content\"><p class=\"like-h3\">Unsere Leistungen<\/p><p>Mit Know-how, Kreativit\u00e4t und Begeisterung unterst\u00fctzen wir unsere Kund*innen seit mehr als 30 Jahren mit strategischer Kommunikation.<\/p>\n<\/div><a class=\"text-link arrow\" href=\"\/leistungen\/\" target=\"\">Zu den Leistungen<i class=\"icon arrow-right\"><\/i><\/a><\/div>\n        <\/div>[\/vc_column][\/vc_row]<\/p>\n","protected":false},"excerpt":{"rendered":"<p>[vc_row full_width=&#8220;stretch_row_content_no_spaces&#8220;][vc_column][\/vc_column][\/vc_row][vc_row content_placement=&#8220;bottom&#8220; el_class=&#8220;section&#8220;][vc_column][vc_row_inner content_placement=&#8220;bottom&#8220;][vc_column_inner el_class=&#8220;content-box primary light vc_col-md-push-6 vc_col-lg-push-7&#8243; offset=&#8220;vc_col-lg-5 vc_col-md-6&#8243;][vc_column_text css_animation=&#8220;fadeIn&#8220; el_class=&#8220;arrow-list&#8220;] Media Relations Social Media Community Management &amp; Campaining Influencer Relations Corporate Publishing Print &amp; Digital (von der Website bis zum Mitarbeitermagazin) [\/vc_column_text][\/vc_column_inner][vc_column_inner el_class=&#8220;vc_col-md-pull-6 vc_col-lg-pull-5&#8243; offset=&#8220;vc_col-md-6&#8243;][vc_column_text css_animation=&#8220;fadeIn&#8220; el_class=&#8220;p-large&#8220;]Die Vielfalt der Kommunikationskan\u00e4le ist heute so gro\u00df wie nie zuvor. Wer sie erfolgreich bespielen m\u00f6chte, muss die Spielregeln der verschiedenen Kan\u00e4le kennen.[\/vc_column_text][vc_column_text css_animation=&#8220;fadeIn&#8220;] Medienarbeit ist Beziehungsarbeit. Wir haben uns in \u00fcber 30 Jahren ein hohes Ma\u00df an Vertrauen und Glaubw\u00fcrdigkeit bei den Redaktionen erarbeitet. So \u00fcbernehmen wir f\u00fcr Sie Medienanfragen, organisieren und begleiten Medientermine oder Pressekonferenzen, erstellen Presseunterlagen und&#8230;<\/p>\n","protected":false},"author":2,"featured_media":16751,"parent":12,"menu_order":0,"comment_status":"closed","ping_status":"closed","template":"","meta":{"_acf_changed":false,"footnotes":""},"class_list":["post-42","page","type-page","status-publish","has-post-thumbnail","hentry"],"acf":[],"yoast_head":"<!-- This site is optimized with the Yoast SEO plugin v27.2 - https:\/\/yoast.com\/product\/yoast-seo-wordpress\/ -->\n<title>ikp | PR Agentur: Kan\u00e4le, die verbinden.<\/title>\n<meta name=\"description\" content=\"Die Vielfalt der Kommunikationskan\u00e4le ist heute so gro\u00df wie nie zuvor. Wer sie erfolgreich bespielen m\u00f6chte, muss ihre jeweiligen Spielregeln kennen.\" \/>\n<meta name=\"robots\" content=\"index, follow, max-snippet:-1, max-image-preview:large, max-video-preview:-1\" \/>\n<link rel=\"canonical\" href=\"https:\/\/ikp.at\/de\/leistungen\/kanaele\/\" \/>\n<meta property=\"og:locale\" content=\"de_DE\" \/>\n<meta property=\"og:type\" content=\"article\" \/>\n<meta property=\"og:title\" content=\"ikp | PR Agentur: Kan\u00e4le, die verbinden.\" \/>\n<meta property=\"og:description\" content=\"Die Vielfalt der Kommunikationskan\u00e4le ist heute so gro\u00df wie nie zuvor. Wer sie erfolgreich bespielen m\u00f6chte, muss ihre jeweiligen Spielregeln kennen.\" \/>\n<meta property=\"og:url\" content=\"https:\/\/ikp.at\/de\/leistungen\/kanaele\/\" \/>\n<meta property=\"og:site_name\" content=\"ikp | PR Agentur \u00d6sterreich: Wien Salzburg Vorarlberg Graz\" \/>\n<meta property=\"article:publisher\" content=\"https:\/\/www.facebook.com\/ikp.PR\" \/>\n<meta property=\"article:modified_time\" content=\"2025-12-16T12:37:22+00:00\" \/>\n<meta property=\"og:image\" content=\"https:\/\/ikp.at\/wp-content\/uploads\/2023\/05\/034_20230328_web.jpg\" \/>\n\t<meta property=\"og:image:width\" content=\"1200\" \/>\n\t<meta property=\"og:image:height\" content=\"799\" \/>\n\t<meta property=\"og:image:type\" content=\"image\/jpeg\" \/>\n<meta name=\"twitter:card\" content=\"summary_large_image\" \/>\n<meta name=\"twitter:label1\" content=\"Gesch\u00e4tzte Lesezeit\" \/>\n\t<meta name=\"twitter:data1\" content=\"3\u00a0Minuten\" \/>\n<script type=\"application\/ld+json\" class=\"yoast-schema-graph\">{\"@context\":\"https:\/\/schema.org\",\"@graph\":[{\"@type\":\"WebPage\",\"@id\":\"https:\/\/ikp.at\/de\/leistungen\/kanaele\/\",\"url\":\"https:\/\/ikp.at\/de\/leistungen\/kanaele\/\",\"name\":\"ikp | PR Agentur: Kan\u00e4le, die verbinden.\",\"isPartOf\":{\"@id\":\"https:\/\/ikp.at\/de\/#website\"},\"primaryImageOfPage\":{\"@id\":\"https:\/\/ikp.at\/de\/leistungen\/kanaele\/#primaryimage\"},\"image\":{\"@id\":\"https:\/\/ikp.at\/de\/leistungen\/kanaele\/#primaryimage\"},\"thumbnailUrl\":\"https:\/\/ikp.at\/wp-content\/uploads\/2023\/05\/034_20230328_web.jpg\",\"datePublished\":\"2022-11-14T11:54:26+00:00\",\"dateModified\":\"2025-12-16T12:37:22+00:00\",\"description\":\"Die Vielfalt der Kommunikationskan\u00e4le ist heute so gro\u00df wie nie zuvor. Wer sie erfolgreich bespielen m\u00f6chte, muss ihre jeweiligen Spielregeln kennen.\",\"breadcrumb\":{\"@id\":\"https:\/\/ikp.at\/de\/leistungen\/kanaele\/#breadcrumb\"},\"inLanguage\":\"de\",\"potentialAction\":[{\"@type\":\"ReadAction\",\"target\":[\"https:\/\/ikp.at\/de\/leistungen\/kanaele\/\"]}]},{\"@type\":\"ImageObject\",\"inLanguage\":\"de\",\"@id\":\"https:\/\/ikp.at\/de\/leistungen\/kanaele\/#primaryimage\",\"url\":\"https:\/\/ikp.at\/wp-content\/uploads\/2023\/05\/034_20230328_web.jpg\",\"contentUrl\":\"https:\/\/ikp.at\/wp-content\/uploads\/2023\/05\/034_20230328_web.jpg\",\"width\":1200,\"height\":799},{\"@type\":\"BreadcrumbList\",\"@id\":\"https:\/\/ikp.at\/de\/leistungen\/kanaele\/#breadcrumb\",\"itemListElement\":[{\"@type\":\"ListItem\",\"position\":1,\"name\":\"Startseite\",\"item\":\"https:\/\/ikp.at\/de\/\"},{\"@type\":\"ListItem\",\"position\":2,\"name\":\"Leistungen\",\"item\":\"https:\/\/ikp.at\/de\/leistungen\/\"},{\"@type\":\"ListItem\",\"position\":3,\"name\":\"Kan\u00e4le\"}]},{\"@type\":\"WebSite\",\"@id\":\"https:\/\/ikp.at\/de\/#website\",\"url\":\"https:\/\/ikp.at\/de\/\",\"name\":\"ikp | PR Agentur \u00d6sterreich: Wien Salzburg Vorarlberg Graz\",\"description\":\"\",\"publisher\":{\"@id\":\"https:\/\/ikp.at\/de\/#organization\"},\"potentialAction\":[{\"@type\":\"SearchAction\",\"target\":{\"@type\":\"EntryPoint\",\"urlTemplate\":\"https:\/\/ikp.at\/de\/?s={search_term_string}\"},\"query-input\":{\"@type\":\"PropertyValueSpecification\",\"valueRequired\":true,\"valueName\":\"search_term_string\"}}],\"inLanguage\":\"de\"},{\"@type\":\"Organization\",\"@id\":\"https:\/\/ikp.at\/de\/#organization\",\"name\":\"ikp | PR Agentur \u00d6sterreich: Wien Salzburg Vorarlberg Graz\",\"url\":\"https:\/\/ikp.at\/de\/\",\"logo\":{\"@type\":\"ImageObject\",\"inLanguage\":\"de\",\"@id\":\"https:\/\/ikp.at\/de\/#\/schema\/logo\/image\/\",\"url\":\"https:\/\/ikp.at\/wp-content\/uploads\/2023\/03\/ikp-logo-yoast.jpg\",\"contentUrl\":\"https:\/\/ikp.at\/wp-content\/uploads\/2023\/03\/ikp-logo-yoast.jpg\",\"width\":696,\"height\":696,\"caption\":\"ikp | PR Agentur \u00d6sterreich: Wien Salzburg Vorarlberg Graz\"},\"image\":{\"@id\":\"https:\/\/ikp.at\/de\/#\/schema\/logo\/image\/\"},\"sameAs\":[\"https:\/\/www.facebook.com\/ikp.PR\",\"https:\/\/www.linkedin.com\/company\/ikp\/\",\"https:\/\/www.instagram.com\/ikp_pr\/\",\"https:\/\/www.tiktok.com\/@ikp.pr\",\"https:\/\/www.youtube.com\/@ikpPRundLobbying\"]}]}<\/script>\n<!-- \/ Yoast SEO plugin. -->","yoast_head_json":{"title":"ikp | PR Agentur: Kan\u00e4le, die verbinden.","description":"Die Vielfalt der Kommunikationskan\u00e4le ist heute so gro\u00df wie nie zuvor. Wer sie erfolgreich bespielen m\u00f6chte, muss ihre jeweiligen Spielregeln kennen.","robots":{"index":"index","follow":"follow","max-snippet":"max-snippet:-1","max-image-preview":"max-image-preview:large","max-video-preview":"max-video-preview:-1"},"canonical":"https:\/\/ikp.at\/de\/leistungen\/kanaele\/","og_locale":"de_DE","og_type":"article","og_title":"ikp | PR Agentur: Kan\u00e4le, die verbinden.","og_description":"Die Vielfalt der Kommunikationskan\u00e4le ist heute so gro\u00df wie nie zuvor. Wer sie erfolgreich bespielen m\u00f6chte, muss ihre jeweiligen Spielregeln kennen.","og_url":"https:\/\/ikp.at\/de\/leistungen\/kanaele\/","og_site_name":"ikp | PR Agentur \u00d6sterreich: Wien Salzburg Vorarlberg Graz","article_publisher":"https:\/\/www.facebook.com\/ikp.PR","article_modified_time":"2025-12-16T12:37:22+00:00","og_image":[{"width":1200,"height":799,"url":"https:\/\/ikp.at\/wp-content\/uploads\/2023\/05\/034_20230328_web.jpg","type":"image\/jpeg"}],"twitter_card":"summary_large_image","twitter_misc":{"Gesch\u00e4tzte Lesezeit":"3\u00a0Minuten"},"schema":{"@context":"https:\/\/schema.org","@graph":[{"@type":"WebPage","@id":"https:\/\/ikp.at\/de\/leistungen\/kanaele\/","url":"https:\/\/ikp.at\/de\/leistungen\/kanaele\/","name":"ikp | PR Agentur: Kan\u00e4le, die verbinden.","isPartOf":{"@id":"https:\/\/ikp.at\/de\/#website"},"primaryImageOfPage":{"@id":"https:\/\/ikp.at\/de\/leistungen\/kanaele\/#primaryimage"},"image":{"@id":"https:\/\/ikp.at\/de\/leistungen\/kanaele\/#primaryimage"},"thumbnailUrl":"https:\/\/ikp.at\/wp-content\/uploads\/2023\/05\/034_20230328_web.jpg","datePublished":"2022-11-14T11:54:26+00:00","dateModified":"2025-12-16T12:37:22+00:00","description":"Die Vielfalt der Kommunikationskan\u00e4le ist heute so gro\u00df wie nie zuvor. Wer sie erfolgreich bespielen m\u00f6chte, muss ihre jeweiligen Spielregeln kennen.","breadcrumb":{"@id":"https:\/\/ikp.at\/de\/leistungen\/kanaele\/#breadcrumb"},"inLanguage":"de","potentialAction":[{"@type":"ReadAction","target":["https:\/\/ikp.at\/de\/leistungen\/kanaele\/"]}]},{"@type":"ImageObject","inLanguage":"de","@id":"https:\/\/ikp.at\/de\/leistungen\/kanaele\/#primaryimage","url":"https:\/\/ikp.at\/wp-content\/uploads\/2023\/05\/034_20230328_web.jpg","contentUrl":"https:\/\/ikp.at\/wp-content\/uploads\/2023\/05\/034_20230328_web.jpg","width":1200,"height":799},{"@type":"BreadcrumbList","@id":"https:\/\/ikp.at\/de\/leistungen\/kanaele\/#breadcrumb","itemListElement":[{"@type":"ListItem","position":1,"name":"Startseite","item":"https:\/\/ikp.at\/de\/"},{"@type":"ListItem","position":2,"name":"Leistungen","item":"https:\/\/ikp.at\/de\/leistungen\/"},{"@type":"ListItem","position":3,"name":"Kan\u00e4le"}]},{"@type":"WebSite","@id":"https:\/\/ikp.at\/de\/#website","url":"https:\/\/ikp.at\/de\/","name":"ikp | PR Agentur \u00d6sterreich: Wien Salzburg Vorarlberg Graz","description":"","publisher":{"@id":"https:\/\/ikp.at\/de\/#organization"},"potentialAction":[{"@type":"SearchAction","target":{"@type":"EntryPoint","urlTemplate":"https:\/\/ikp.at\/de\/?s={search_term_string}"},"query-input":{"@type":"PropertyValueSpecification","valueRequired":true,"valueName":"search_term_string"}}],"inLanguage":"de"},{"@type":"Organization","@id":"https:\/\/ikp.at\/de\/#organization","name":"ikp | PR Agentur \u00d6sterreich: Wien Salzburg Vorarlberg Graz","url":"https:\/\/ikp.at\/de\/","logo":{"@type":"ImageObject","inLanguage":"de","@id":"https:\/\/ikp.at\/de\/#\/schema\/logo\/image\/","url":"https:\/\/ikp.at\/wp-content\/uploads\/2023\/03\/ikp-logo-yoast.jpg","contentUrl":"https:\/\/ikp.at\/wp-content\/uploads\/2023\/03\/ikp-logo-yoast.jpg","width":696,"height":696,"caption":"ikp | PR Agentur \u00d6sterreich: Wien Salzburg Vorarlberg Graz"},"image":{"@id":"https:\/\/ikp.at\/de\/#\/schema\/logo\/image\/"},"sameAs":["https:\/\/www.facebook.com\/ikp.PR","https:\/\/www.linkedin.com\/company\/ikp\/","https:\/\/www.instagram.com\/ikp_pr\/","https:\/\/www.tiktok.com\/@ikp.pr","https:\/\/www.youtube.com\/@ikpPRundLobbying"]}]}},"_links":{"self":[{"href":"https:\/\/ikp.at\/de\/wp-json\/wp\/v2\/pages\/42","targetHints":{"allow":["GET"]}}],"collection":[{"href":"https:\/\/ikp.at\/de\/wp-json\/wp\/v2\/pages"}],"about":[{"href":"https:\/\/ikp.at\/de\/wp-json\/wp\/v2\/types\/page"}],"author":[{"embeddable":true,"href":"https:\/\/ikp.at\/de\/wp-json\/wp\/v2\/users\/2"}],"replies":[{"embeddable":true,"href":"https:\/\/ikp.at\/de\/wp-json\/wp\/v2\/comments?post=42"}],"version-history":[{"count":7,"href":"https:\/\/ikp.at\/de\/wp-json\/wp\/v2\/pages\/42\/revisions"}],"predecessor-version":[{"id":20288,"href":"https:\/\/ikp.at\/de\/wp-json\/wp\/v2\/pages\/42\/revisions\/20288"}],"up":[{"embeddable":true,"href":"https:\/\/ikp.at\/de\/wp-json\/wp\/v2\/pages\/12"}],"wp:featuredmedia":[{"embeddable":true,"href":"https:\/\/ikp.at\/de\/wp-json\/wp\/v2\/media\/16751"}],"wp:attachment":[{"href":"https:\/\/ikp.at\/de\/wp-json\/wp\/v2\/media?parent=42"}],"curies":[{"name":"wp","href":"https:\/\/api.w.org\/{rel}","templated":true}]}}