{"id":48,"date":"2022-11-14T12:36:02","date_gmt":"2022-11-14T12:36:02","guid":{"rendered":"https:\/\/ikp.at\/?page_id=48"},"modified":"2026-03-11T10:07:39","modified_gmt":"2026-03-11T10:07:39","slug":"impressum","status":"publish","type":"page","link":"https:\/\/ikp.at\/de\/impressum\/","title":{"rendered":"Impressum"},"content":{"rendered":"<p>[vc_row el_class=&#8220;ptb70&#8243;][vc_column][vc_row_inner equal_height=&#8220;yes&#8220;][vc_column_inner width=&#8220;1\/3&#8243;][vc_column_text css=&#8220;&#8220; el_class=&#8220;content-box bordered small&#8220;]<\/p>\n<h3>ikp Wien GmbH<\/h3>\n<p>registriert beim Handelsgericht Wien<br \/>\nFN 279214i<br \/>\nUID-Nummer: ATU 62678267<\/p>\n<p>Kirchengasse 7\/18<br \/>\n1070 Wien, Austria<\/p>\n<p>Tel.: +43\/1\/524 77 90<br \/>\nFax: +43\/1\/524 77 90-5<br \/>\nE-Mail:\u00a0<a href=\"mailto:wien@ikp.at\">wien@ikp.at<\/a>[\/vc_column_text][\/vc_column_inner][vc_column_inner width=&#8220;1\/3&#8243;][vc_column_text css=&#8220;&#8220; el_class=&#8220;content-box bordered small&#8220;]<\/p>\n<h3>ikp Salzburg GmbH<\/h3>\n<p>registriert beim Landesgericht Salzburg<br \/>\nFN 47159b<br \/>\nUID-Nummer: ATU 33905101<\/p>\n<p>Strubergasse 26\/6. Stock<br \/>\n5020 Salzburg, Austria<\/p>\n<p>Tel.: +43\/662\/633 255-0<br \/>\nFax: +43\/662\/633 255-105<br \/>\nE-Mail:\u00a0<a href=\"mailto:salzburg@ikp.at\">salzburg@ikp.at<\/a>[\/vc_column_text][\/vc_column_inner][vc_column_inner width=&#8220;1\/3&#8243;][vc_column_text el_class=&#8220;content-box bordered small&#8220;]<\/p>\n<h3>ikp Vorarlberg GmbH<\/h3>\n<p>registriert beim Landesgericht Feldkirch<br \/>\nFN 321326 p<br \/>\nUID-Nummer: ATU 64781588<\/p>\n<p>G\u00fctlestra\u00dfe 7a<br \/>\n6850 Dornbirn, Austria<\/p>\n<p>Tel.: +43\/5572\/398811<br \/>\nFax: +43\/5572\/398811 5<br \/>\nE-Mail:\u00a0<a href=\"mailto:dornbirn@ikp.at\">dornbirn@ikp.at<\/a>[\/vc_column_text][\/vc_column_inner][\/vc_row_inner][vc_row_inner el_class=&#8220;mt70&#8243;][vc_column_inner width=&#8220;1\/3&#8243;][vc_column_text css=&#8220;&#8220;]<strong>Mitgliedschaften bei der Wirtschaftskammerorganisation:<\/strong><br \/>\nMitglied der Wirtschaftskammer \u00d6sterreich:<br \/>\nFachgruppe Werbung und Marktkommunikation<br \/>\nFachgruppe Unternehmensberatung und Informationstechnologie<\/p>\n<p>Wir bekennen uns als Agentur zur Einhaltung und Beachtung des Verhaltenskodex des Public Relations Verband Austria (PRVA unter <a href=\"https:\/\/eur05.safelinks.protection.outlook.com\/?url=https%3A%2F%2Fprva.at%2F&amp;data=05%7C02%7CElizabeth.Boyewa%40ikp.at%7Cbfedb8ee77ea4a227a5a08de79dccb77%7C7e5ba6afa0b84a358aa7ce94ba79b998%7C0%7C0%7C639082186360009738%7CUnknown%7CTWFpbGZsb3d8eyJFbXB0eU1hcGkiOnRydWUsIlYiOiIwLjAuMDAwMCIsIlAiOiJXaW4zMiIsIkFOIjoiTWFpbCIsIldUIjoyfQ%3D%3D%7C0%7C%7C%7C&amp;sdata=IQTqjtr32hrwu5l4WyQU4XAbwMCciSxmCbYffmFLvps%3D&amp;reserved=0\" data-outlook-id=\"0abf3c14-fde6-428a-ba12-aec58d2bb51d\">https:\/\/prva.at<\/a>) sowie des Verhaltenskodex der \u00d6sterreichischen Public Affairs Vereinigung (\u00d6PAV unter <a href=\"https:\/\/eur05.safelinks.protection.outlook.com\/?url=http%3A%2F%2Foepav.at%2Fverhaltenskodex&amp;data=05%7C02%7CElizabeth.Boyewa%40ikp.at%7Cbfedb8ee77ea4a227a5a08de79dccb77%7C7e5ba6afa0b84a358aa7ce94ba79b998%7C0%7C0%7C639082186360048826%7CUnknown%7CTWFpbGZsb3d8eyJFbXB0eU1hcGkiOnRydWUsIlYiOiIwLjAuMDAwMCIsIlAiOiJXaW4zMiIsIkFOIjoiTWFpbCIsIldUIjoyfQ%3D%3D%7C0%7C%7C%7C&amp;sdata=bdib1vWasE%2BPhLf10IC8VX89Ok3JXss8LlFHRivHju0%3D&amp;reserved=0\" data-outlook-id=\"1c2b226f-a320-4345-ad39-fe0bc335e3f2\">oepav.at\/verhaltenskodex<\/a>).[\/vc_column_text][\/vc_column_inner][vc_column_inner width=&#8220;1\/3&#8243;][vc_column_text]<strong>Anwendbare Rechtsvorschriften und Zugang dazu:<\/strong><br \/>\nGewerbeordnung (<a href=\"http:\/\/www.ris.bka.gv.at\/\" target=\"_blank\" rel=\"noopener noreferrer\">www.ris.bka.gv.at<\/a>)<br \/>\nAufsichtsbeh\u00f6rde\/Gewerbebeh\u00f6rde: Magistrat der Stadt Wien<\/p>\n<p><strong>Fotonachweise:<br \/>\n<\/strong>Fotos Mitarbeitende und Office: B\u00fcro Ludwina, Gabriele Diwald\/ikp, Markus Hirschb\u00fcgl, Frederick Sams, Nina Br\u00f6ll, Udo Mittelberger, Martin H\u00f6rmandinger<\/p>\n<p>Fotos bei den Blog-Beitr\u00e4gen: siehe Copyright-Angabe beim jeweiligen Beitrag.[\/vc_column_text][\/vc_column_inner][vc_column_inner width=&#8220;1\/3&#8243;][vc_column_text]<strong>Medieninhaber:<\/strong><br \/>\nikp Wien GmbH<br \/>\nikp Salzburg GmbH<br \/>\nikp Vorarlberg GmbH[\/vc_column_text][\/vc_column_inner][\/vc_row_inner][\/vc_column][\/vc_row]<\/p>\n","protected":false},"excerpt":{"rendered":"<p>[vc_row el_class=&#8220;ptb70&#8243;][vc_column][vc_row_inner equal_height=&#8220;yes&#8220;][vc_column_inner width=&#8220;1\/3&#8243;][vc_column_text css=&#8220;&#8220; el_class=&#8220;content-box bordered small&#8220;] ikp Wien GmbH registriert beim Handelsgericht Wien FN 279214i UID-Nummer: ATU 62678267 Kirchengasse 7\/18 1070 Wien, Austria Tel.: +43\/1\/524 77 90 Fax: +43\/1\/524 77 90-5 E-Mail:\u00a0wien@ikp.at[\/vc_column_text][\/vc_column_inner][vc_column_inner width=&#8220;1\/3&#8243;][vc_column_text css=&#8220;&#8220; el_class=&#8220;content-box bordered small&#8220;] ikp Salzburg GmbH registriert beim Landesgericht Salzburg FN 47159b UID-Nummer: ATU 33905101 Strubergasse 26\/6. Stock 5020 Salzburg, Austria Tel.: +43\/662\/633 255-0 Fax: +43\/662\/633 255-105 E-Mail:\u00a0salzburg@ikp.at[\/vc_column_text][\/vc_column_inner][vc_column_inner width=&#8220;1\/3&#8243;][vc_column_text el_class=&#8220;content-box bordered small&#8220;] ikp Vorarlberg GmbH registriert beim Landesgericht Feldkirch FN 321326 p UID-Nummer: ATU 64781588 G\u00fctlestra\u00dfe 7a 6850 Dornbirn, Austria Tel.: +43\/5572\/398811 Fax: +43\/5572\/398811 5 E-Mail:\u00a0dornbirn@ikp.at[\/vc_column_text][\/vc_column_inner][\/vc_row_inner][vc_row_inner el_class=&#8220;mt70&#8243;][vc_column_inner width=&#8220;1\/3&#8243;][vc_column_text css=&#8220;&#8220;]Mitgliedschaften bei der Wirtschaftskammerorganisation: Mitglied der&#8230;<\/p>\n","protected":false},"author":2,"featured_media":0,"parent":0,"menu_order":0,"comment_status":"closed","ping_status":"closed","template":"","meta":{"_acf_changed":false,"footnotes":""},"class_list":["post-48","page","type-page","status-publish","hentry"],"acf":[],"yoast_head":"<!-- This site is optimized with the Yoast SEO plugin v27.2 - https:\/\/yoast.com\/product\/yoast-seo-wordpress\/ -->\n<title>Impressum - ikp | PR Agentur \u00d6sterreich: Wien Salzburg Vorarlberg Graz<\/title>\n<meta name=\"robots\" content=\"index, follow, max-snippet:-1, max-image-preview:large, max-video-preview:-1\" \/>\n<link rel=\"canonical\" href=\"https:\/\/ikp.at\/de\/impressum\/\" \/>\n<meta property=\"og:locale\" content=\"de_DE\" \/>\n<meta property=\"og:type\" content=\"article\" \/>\n<meta property=\"og:title\" content=\"Impressum - ikp | PR Agentur \u00d6sterreich: Wien Salzburg Vorarlberg Graz\" \/>\n<meta property=\"og:description\" content=\"[vc_row el_class=&#8220;ptb70&#8243;][vc_column][vc_row_inner equal_height=&#8220;yes&#8220;][vc_column_inner width=&#8220;1\/3&#8243;][vc_column_text css=&#8220;&#8220; el_class=&#8220;content-box bordered small&#8220;] ikp Wien GmbH registriert beim Handelsgericht Wien FN 279214i UID-Nummer: ATU 62678267 Kirchengasse 7\/18 1070 Wien, Austria Tel.: +43\/1\/524 77 90 Fax: +43\/1\/524 77 90-5 E-Mail:\u00a0wien@ikp.at[\/vc_column_text][\/vc_column_inner][vc_column_inner width=&#8220;1\/3&#8243;][vc_column_text css=&#8220;&#8220; el_class=&#8220;content-box bordered small&#8220;] ikp Salzburg GmbH registriert beim Landesgericht Salzburg FN 47159b UID-Nummer: ATU 33905101 Strubergasse 26\/6. Stock 5020 Salzburg, Austria Tel.: +43\/662\/633 255-0 Fax: +43\/662\/633 255-105 E-Mail:\u00a0salzburg@ikp.at[\/vc_column_text][\/vc_column_inner][vc_column_inner width=&#8220;1\/3&#8243;][vc_column_text el_class=&#8220;content-box bordered small&#8220;] ikp Vorarlberg GmbH registriert beim Landesgericht Feldkirch FN 321326 p UID-Nummer: ATU 64781588 G\u00fctlestra\u00dfe 7a 6850 Dornbirn, Austria Tel.: +43\/5572\/398811 Fax: +43\/5572\/398811 5 E-Mail:\u00a0dornbirn@ikp.at[\/vc_column_text][\/vc_column_inner][\/vc_row_inner][vc_row_inner el_class=&#8220;mt70&#8243;][vc_column_inner width=&#8220;1\/3&#8243;][vc_column_text css=&#8220;&#8220;]Mitgliedschaften bei der Wirtschaftskammerorganisation: Mitglied der...\" \/>\n<meta property=\"og:url\" content=\"https:\/\/ikp.at\/de\/impressum\/\" \/>\n<meta property=\"og:site_name\" content=\"ikp | PR Agentur \u00d6sterreich: Wien Salzburg Vorarlberg Graz\" \/>\n<meta property=\"article:publisher\" content=\"https:\/\/www.facebook.com\/ikp.PR\" \/>\n<meta property=\"article:modified_time\" content=\"2026-03-11T10:07:39+00:00\" \/>\n<meta property=\"og:image\" content=\"https:\/\/ikp.at\/wp-content\/uploads\/2023\/03\/yoast-screen.jpg\" \/>\n\t<meta property=\"og:image:width\" content=\"1200\" \/>\n\t<meta property=\"og:image:height\" content=\"675\" \/>\n\t<meta property=\"og:image:type\" content=\"image\/jpeg\" \/>\n<meta name=\"twitter:card\" content=\"summary_large_image\" \/>\n<meta name=\"twitter:label1\" content=\"Gesch\u00e4tzte Lesezeit\" \/>\n\t<meta name=\"twitter:data1\" content=\"2\u00a0Minuten\" \/>\n<script type=\"application\/ld+json\" class=\"yoast-schema-graph\">{\"@context\":\"https:\/\/schema.org\",\"@graph\":[{\"@type\":\"WebPage\",\"@id\":\"https:\/\/ikp.at\/de\/impressum\/\",\"url\":\"https:\/\/ikp.at\/de\/impressum\/\",\"name\":\"Impressum - ikp | PR Agentur \u00d6sterreich: Wien Salzburg Vorarlberg Graz\",\"isPartOf\":{\"@id\":\"https:\/\/ikp.at\/de\/#website\"},\"datePublished\":\"2022-11-14T12:36:02+00:00\",\"dateModified\":\"2026-03-11T10:07:39+00:00\",\"breadcrumb\":{\"@id\":\"https:\/\/ikp.at\/de\/impressum\/#breadcrumb\"},\"inLanguage\":\"de\",\"potentialAction\":[{\"@type\":\"ReadAction\",\"target\":[\"https:\/\/ikp.at\/de\/impressum\/\"]}]},{\"@type\":\"BreadcrumbList\",\"@id\":\"https:\/\/ikp.at\/de\/impressum\/#breadcrumb\",\"itemListElement\":[{\"@type\":\"ListItem\",\"position\":1,\"name\":\"Startseite\",\"item\":\"https:\/\/ikp.at\/de\/\"},{\"@type\":\"ListItem\",\"position\":2,\"name\":\"Impressum\"}]},{\"@type\":\"WebSite\",\"@id\":\"https:\/\/ikp.at\/de\/#website\",\"url\":\"https:\/\/ikp.at\/de\/\",\"name\":\"ikp | PR Agentur \u00d6sterreich: Wien Salzburg Vorarlberg Graz\",\"description\":\"\",\"publisher\":{\"@id\":\"https:\/\/ikp.at\/de\/#organization\"},\"potentialAction\":[{\"@type\":\"SearchAction\",\"target\":{\"@type\":\"EntryPoint\",\"urlTemplate\":\"https:\/\/ikp.at\/de\/?s={search_term_string}\"},\"query-input\":{\"@type\":\"PropertyValueSpecification\",\"valueRequired\":true,\"valueName\":\"search_term_string\"}}],\"inLanguage\":\"de\"},{\"@type\":\"Organization\",\"@id\":\"https:\/\/ikp.at\/de\/#organization\",\"name\":\"ikp | PR Agentur \u00d6sterreich: Wien Salzburg Vorarlberg Graz\",\"url\":\"https:\/\/ikp.at\/de\/\",\"logo\":{\"@type\":\"ImageObject\",\"inLanguage\":\"de\",\"@id\":\"https:\/\/ikp.at\/de\/#\/schema\/logo\/image\/\",\"url\":\"https:\/\/ikp.at\/wp-content\/uploads\/2023\/03\/ikp-logo-yoast.jpg\",\"contentUrl\":\"https:\/\/ikp.at\/wp-content\/uploads\/2023\/03\/ikp-logo-yoast.jpg\",\"width\":696,\"height\":696,\"caption\":\"ikp | PR Agentur \u00d6sterreich: Wien Salzburg Vorarlberg Graz\"},\"image\":{\"@id\":\"https:\/\/ikp.at\/de\/#\/schema\/logo\/image\/\"},\"sameAs\":[\"https:\/\/www.facebook.com\/ikp.PR\",\"https:\/\/www.linkedin.com\/company\/ikp\/\",\"https:\/\/www.instagram.com\/ikp_pr\/\",\"https:\/\/www.tiktok.com\/@ikp.pr\",\"https:\/\/www.youtube.com\/@ikpPRundLobbying\"]}]}<\/script>\n<!-- \/ Yoast SEO plugin. -->","yoast_head_json":{"title":"Impressum - ikp | PR Agentur \u00d6sterreich: Wien Salzburg Vorarlberg Graz","robots":{"index":"index","follow":"follow","max-snippet":"max-snippet:-1","max-image-preview":"max-image-preview:large","max-video-preview":"max-video-preview:-1"},"canonical":"https:\/\/ikp.at\/de\/impressum\/","og_locale":"de_DE","og_type":"article","og_title":"Impressum - ikp | PR Agentur \u00d6sterreich: Wien Salzburg Vorarlberg Graz","og_description":"[vc_row el_class=&#8220;ptb70&#8243;][vc_column][vc_row_inner equal_height=&#8220;yes&#8220;][vc_column_inner width=&#8220;1\/3&#8243;][vc_column_text css=&#8220;&#8220; el_class=&#8220;content-box bordered small&#8220;] ikp Wien GmbH registriert beim Handelsgericht Wien FN 279214i UID-Nummer: ATU 62678267 Kirchengasse 7\/18 1070 Wien, Austria Tel.: +43\/1\/524 77 90 Fax: +43\/1\/524 77 90-5 E-Mail:\u00a0wien@ikp.at[\/vc_column_text][\/vc_column_inner][vc_column_inner width=&#8220;1\/3&#8243;][vc_column_text css=&#8220;&#8220; el_class=&#8220;content-box bordered small&#8220;] ikp Salzburg GmbH registriert beim Landesgericht Salzburg FN 47159b UID-Nummer: ATU 33905101 Strubergasse 26\/6. Stock 5020 Salzburg, Austria Tel.: +43\/662\/633 255-0 Fax: +43\/662\/633 255-105 E-Mail:\u00a0salzburg@ikp.at[\/vc_column_text][\/vc_column_inner][vc_column_inner width=&#8220;1\/3&#8243;][vc_column_text el_class=&#8220;content-box bordered small&#8220;] ikp Vorarlberg GmbH registriert beim Landesgericht Feldkirch FN 321326 p UID-Nummer: ATU 64781588 G\u00fctlestra\u00dfe 7a 6850 Dornbirn, Austria Tel.: +43\/5572\/398811 Fax: +43\/5572\/398811 5 E-Mail:\u00a0dornbirn@ikp.at[\/vc_column_text][\/vc_column_inner][\/vc_row_inner][vc_row_inner el_class=&#8220;mt70&#8243;][vc_column_inner width=&#8220;1\/3&#8243;][vc_column_text css=&#8220;&#8220;]Mitgliedschaften bei der Wirtschaftskammerorganisation: Mitglied der...","og_url":"https:\/\/ikp.at\/de\/impressum\/","og_site_name":"ikp | PR Agentur \u00d6sterreich: Wien Salzburg Vorarlberg Graz","article_publisher":"https:\/\/www.facebook.com\/ikp.PR","article_modified_time":"2026-03-11T10:07:39+00:00","og_image":[{"width":1200,"height":675,"url":"https:\/\/ikp.at\/wp-content\/uploads\/2023\/03\/yoast-screen.jpg","type":"image\/jpeg"}],"twitter_card":"summary_large_image","twitter_misc":{"Gesch\u00e4tzte Lesezeit":"2\u00a0Minuten"},"schema":{"@context":"https:\/\/schema.org","@graph":[{"@type":"WebPage","@id":"https:\/\/ikp.at\/de\/impressum\/","url":"https:\/\/ikp.at\/de\/impressum\/","name":"Impressum - ikp | PR Agentur \u00d6sterreich: Wien Salzburg Vorarlberg Graz","isPartOf":{"@id":"https:\/\/ikp.at\/de\/#website"},"datePublished":"2022-11-14T12:36:02+00:00","dateModified":"2026-03-11T10:07:39+00:00","breadcrumb":{"@id":"https:\/\/ikp.at\/de\/impressum\/#breadcrumb"},"inLanguage":"de","potentialAction":[{"@type":"ReadAction","target":["https:\/\/ikp.at\/de\/impressum\/"]}]},{"@type":"BreadcrumbList","@id":"https:\/\/ikp.at\/de\/impressum\/#breadcrumb","itemListElement":[{"@type":"ListItem","position":1,"name":"Startseite","item":"https:\/\/ikp.at\/de\/"},{"@type":"ListItem","position":2,"name":"Impressum"}]},{"@type":"WebSite","@id":"https:\/\/ikp.at\/de\/#website","url":"https:\/\/ikp.at\/de\/","name":"ikp | PR Agentur \u00d6sterreich: Wien Salzburg Vorarlberg Graz","description":"","publisher":{"@id":"https:\/\/ikp.at\/de\/#organization"},"potentialAction":[{"@type":"SearchAction","target":{"@type":"EntryPoint","urlTemplate":"https:\/\/ikp.at\/de\/?s={search_term_string}"},"query-input":{"@type":"PropertyValueSpecification","valueRequired":true,"valueName":"search_term_string"}}],"inLanguage":"de"},{"@type":"Organization","@id":"https:\/\/ikp.at\/de\/#organization","name":"ikp | PR Agentur \u00d6sterreich: Wien Salzburg Vorarlberg Graz","url":"https:\/\/ikp.at\/de\/","logo":{"@type":"ImageObject","inLanguage":"de","@id":"https:\/\/ikp.at\/de\/#\/schema\/logo\/image\/","url":"https:\/\/ikp.at\/wp-content\/uploads\/2023\/03\/ikp-logo-yoast.jpg","contentUrl":"https:\/\/ikp.at\/wp-content\/uploads\/2023\/03\/ikp-logo-yoast.jpg","width":696,"height":696,"caption":"ikp | PR Agentur \u00d6sterreich: Wien Salzburg Vorarlberg Graz"},"image":{"@id":"https:\/\/ikp.at\/de\/#\/schema\/logo\/image\/"},"sameAs":["https:\/\/www.facebook.com\/ikp.PR","https:\/\/www.linkedin.com\/company\/ikp\/","https:\/\/www.instagram.com\/ikp_pr\/","https:\/\/www.tiktok.com\/@ikp.pr","https:\/\/www.youtube.com\/@ikpPRundLobbying"]}]}},"_links":{"self":[{"href":"https:\/\/ikp.at\/de\/wp-json\/wp\/v2\/pages\/48","targetHints":{"allow":["GET"]}}],"collection":[{"href":"https:\/\/ikp.at\/de\/wp-json\/wp\/v2\/pages"}],"about":[{"href":"https:\/\/ikp.at\/de\/wp-json\/wp\/v2\/types\/page"}],"author":[{"embeddable":true,"href":"https:\/\/ikp.at\/de\/wp-json\/wp\/v2\/users\/2"}],"replies":[{"embeddable":true,"href":"https:\/\/ikp.at\/de\/wp-json\/wp\/v2\/comments?post=48"}],"version-history":[{"count":7,"href":"https:\/\/ikp.at\/de\/wp-json\/wp\/v2\/pages\/48\/revisions"}],"predecessor-version":[{"id":20477,"href":"https:\/\/ikp.at\/de\/wp-json\/wp\/v2\/pages\/48\/revisions\/20477"}],"wp:attachment":[{"href":"https:\/\/ikp.at\/de\/wp-json\/wp\/v2\/media?parent=48"}],"curies":[{"name":"wp","href":"https:\/\/api.w.org\/{rel}","templated":true}]}}